{"id":1255,"date":"2023-11-10T23:37:32","date_gmt":"2023-11-10T23:37:32","guid":{"rendered":"https:\/\/opofimatica.com\/age\/?page_id=1255"},"modified":"2025-07-23T12:07:16","modified_gmt":"2025-07-23T12:07:16","slug":"pasapalabra-de-informatica-1","status":"publish","type":"page","link":"https:\/\/opofimatica.com\/age\/pasapalabra-de-informatica-1\/","title":{"rendered":"MINI JUEGOS"},"content":{"rendered":"<p><a href=\"https:\/\/opofimaticaestado.com\/register\"><img loading=\"lazy\" decoding=\"async\" class=\"alignnone wp-image-3001 size-full\" src=\"https:\/\/opofimatica.com\/age\/wp-content\/uploads\/2025\/07\/banner95.jpg?_t=1753272414\" alt=\"\" width=\"2048\" height=\"1024\" srcset=\"https:\/\/opofimatica.com\/age\/wp-content\/uploads\/2025\/07\/banner95.jpg 2048w, https:\/\/opofimatica.com\/age\/wp-content\/uploads\/2025\/07\/banner95-300x150.jpg 300w, https:\/\/opofimatica.com\/age\/wp-content\/uploads\/2025\/07\/banner95-1024x512.jpg 1024w, https:\/\/opofimatica.com\/age\/wp-content\/uploads\/2025\/07\/banner95-768x384.jpg 768w, https:\/\/opofimatica.com\/age\/wp-content\/uploads\/2025\/07\/banner95-1536x768.jpg 1536w\" sizes=\"auto, (max-width: 2048px) 100vw, 2048px\" \/><\/a><\/p>\n<p>Bienvenid@s a la secci\u00f3n de los minijuegos. En esta secci\u00f3n iremos publicando los roscos de Pasapalabra con diferentes t\u00e9rminos de Inform\u00e1tica. Adem\u00e1s tambi\u00e9n tienes el crucigrama de definiciones de inform\u00e1tica (Solo compatible con PC). Para participar simplemente tienes que pulsar en el bot\u00f3n COMENZAR e ir resolviendo las cuestiones. El juego no es sensible a may\u00fasculas y min\u00fasculas, as\u00ed que puedes escribirlas todas en min\u00fasculas sin problema. Puede que en algunos casos haya que escribir varias palabras. Al terminar el juego podr\u00e1s consultar el listado completo de definiciones.<\/p>\n<p>Si te gusta el juego y quieres que organice m\u00e1s, puedes dejar un comentario en la parte inferior. Adem\u00e1s tambi\u00e9n puedes compartir abajo tu puntuaci\u00f3n \ud83d\ude09<\/p>\n<p>Vamos al l\u00edo!! \ud83d\ude09<\/p>\n<h2>Crucigrama inform\u00e1tico (<a href=\"https:\/\/www.opofimatica.com\/docs\/crucigrama-sol.pdf\" target=\"_blank\" rel=\"noopener\">ver soluci\u00f3n<\/a>)<\/h2>\n<p><iframe loading=\"lazy\" src=\"https:\/\/es.educaplay.com\/juego\/19405365-crucigrama_de_informatica_general.html\" width=\"795\" height=\"690\" frameborder=\"0\" allowfullscreen=\"allowfullscreen\"><\/iframe><\/p>\n<h2>Rosco de Inform\u00e1tica (1)<br \/>\n<iframe loading=\"lazy\" src=\"https:\/\/es.educaplay.com\/juego\/16866179-rosco_de_informatica.html\" width=\"795\" height=\"690\" frameborder=\"0\" allowfullscreen=\"allowfullscreen\"><\/iframe><\/h2>\n<h2><\/h2>\n<h2>Otros roscos<\/h2>\n<p>Para el resto de Roscos de la plataforma es necesario suscribirse a la p\u00e1gina web. Puedes hacerlo desde el banner superior o haciendo clic en:<\/p>\n<p><a href=\"http:\/\/www.opofimatica.com\/age\/register\">www.opofimatica.com\/age\/register<\/a><\/p>\n<div class=\"bloqueado\">\r\n\r\n<a href=\"https:\/\/opofimatica.com\/age\/wp-content\/uploads\/2023\/09\/bloqueado.jpg\"><img loading=\"lazy\" decoding=\"async\" class=\"size-full wp-image-674 aligncenter\" src=\"https:\/\/opofimatica.com\/age\/wp-content\/uploads\/2023\/09\/bloqueado.jpg\" alt=\"\" width=\"300\" height=\"200\" srcset=\"https:\/\/opofimatica.com\/age\/wp-content\/uploads\/2023\/09\/bloqueado.jpg 300w, https:\/\/opofimatica.com\/age\/wp-content\/uploads\/2023\/09\/bloqueado-272x182.jpg 272w\" sizes=\"auto, (max-width: 300px) 100vw, 300px\" \/><\/a>Ups! Est\u00e1s intentando acceder a un contenido bloqueado. Necesitas suscribirte a la plataforma de Opofim\u00e1tica para ver este material pero actualmente los registros est\u00e1n cerrados porque ya hemos alcanzado el n\u00famero m\u00e1ximo de alumnos permitidos.\r\n\r\n<a href=\"https:\/\/opofimatica.com\/age\/account\/\">Si ya tienes cuenta, puedes iniciar sesi\u00f3n haciendo clic aqu\u00ed.<\/a>\r\n\r\n&nbsp;\r\n\r\n<\/div>\n","protected":false},"excerpt":{"rendered":"<p>Bienvenid@s a la secci\u00f3n de los minijuegos. En esta secci\u00f3n iremos publicando los roscos de Pasapalabra con diferentes t\u00e9rminos de Inform\u00e1tica. Adem\u00e1s tambi\u00e9n tienes el crucigrama de definiciones de inform\u00e1tica (Solo compatible con PC). Para participar simplemente tienes que pulsar en el bot\u00f3n COMENZAR e ir resolviendo las cuestiones. El juego no es sensible a [&hellip;]<\/p>\n","protected":false},"author":1,"featured_media":1270,"parent":0,"menu_order":0,"comment_status":"open","ping_status":"closed","template":"","meta":{"site-sidebar-layout":"left-sidebar","site-content-layout":"default","ast-site-content-layout":"default","site-content-style":"default","site-sidebar-style":"default","ast-global-header-display":"","ast-banner-title-visibility":"","ast-main-header-display":"","ast-hfb-above-header-display":"","ast-hfb-below-header-display":"","ast-hfb-mobile-header-display":"","site-post-title":"","ast-breadcrumbs-content":"","ast-featured-img":"disabled","footer-sml-layout":"","theme-transparent-header-meta":"default","adv-header-id-meta":"","stick-header-meta":"","header-above-stick-meta":"","header-main-stick-meta":"","header-below-stick-meta":"","astra-migrate-meta-layouts":"set","ast-page-background-enabled":"default","ast-page-background-meta":{"desktop":{"background-color":"var(--ast-global-color-4)","background-image":"","background-repeat":"repeat","background-position":"center center","background-size":"auto","background-attachment":"scroll","background-type":"","background-media":"","overlay-type":"","overlay-color":"","overlay-opacity":"","overlay-gradient":""},"tablet":{"background-color":"","background-image":"","background-repeat":"repeat","background-position":"center center","background-size":"auto","background-attachment":"scroll","background-type":"","background-media":"","overlay-type":"","overlay-color":"","overlay-opacity":"","overlay-gradient":""},"mobile":{"background-color":"","background-image":"","background-repeat":"repeat","background-position":"center center","background-size":"auto","background-attachment":"scroll","background-type":"","background-media":"","overlay-type":"","overlay-color":"","overlay-opacity":"","overlay-gradient":""}},"ast-content-background-meta":{"desktop":{"background-color":"var(--ast-global-color-5)","background-image":"","background-repeat":"repeat","background-position":"center center","background-size":"auto","background-attachment":"scroll","background-type":"","background-media":"","overlay-type":"","overlay-color":"","overlay-opacity":"","overlay-gradient":""},"tablet":{"background-color":"var(--ast-global-color-5)","background-image":"","background-repeat":"repeat","background-position":"center center","background-size":"auto","background-attachment":"scroll","background-type":"","background-media":"","overlay-type":"","overlay-color":"","overlay-opacity":"","overlay-gradient":""},"mobile":{"background-color":"var(--ast-global-color-5)","background-image":"","background-repeat":"repeat","background-position":"center center","background-size":"auto","background-attachment":"scroll","background-type":"","background-media":"","overlay-type":"","overlay-color":"","overlay-opacity":"","overlay-gradient":""}},"footnotes":""},"class_list":["post-1255","page","type-page","status-publish","has-post-thumbnail","hentry"],"_links":{"self":[{"href":"https:\/\/opofimatica.com\/age\/wp-json\/wp\/v2\/pages\/1255","targetHints":{"allow":["GET"]}}],"collection":[{"href":"https:\/\/opofimatica.com\/age\/wp-json\/wp\/v2\/pages"}],"about":[{"href":"https:\/\/opofimatica.com\/age\/wp-json\/wp\/v2\/types\/page"}],"author":[{"embeddable":true,"href":"https:\/\/opofimatica.com\/age\/wp-json\/wp\/v2\/users\/1"}],"replies":[{"embeddable":true,"href":"https:\/\/opofimatica.com\/age\/wp-json\/wp\/v2\/comments?post=1255"}],"version-history":[{"count":29,"href":"https:\/\/opofimatica.com\/age\/wp-json\/wp\/v2\/pages\/1255\/revisions"}],"predecessor-version":[{"id":1263,"href":"https:\/\/opofimatica.com\/age\/wp-json\/wp\/v2\/pages\/1255\/revisions\/1263"}],"wp:featuredmedia":[{"embeddable":true,"href":"https:\/\/opofimatica.com\/age\/wp-json\/wp\/v2\/media\/1270"}],"wp:attachment":[{"href":"https:\/\/opofimatica.com\/age\/wp-json\/wp\/v2\/media?parent=1255"}],"curies":[{"name":"wp","href":"https:\/\/api.w.org\/{rel}","templated":true}]}}