{"id":1597,"date":"2024-03-10T10:08:38","date_gmt":"2024-03-10T10:08:38","guid":{"rendered":"https:\/\/opofimatica.com\/age\/?page_id=1597"},"modified":"2025-07-23T12:05:13","modified_gmt":"2025-07-23T12:05:13","slug":"gratis","status":"publish","type":"page","link":"https:\/\/opofimatica.com\/age\/gratis\/","title":{"rendered":"CONTENIDO GRATUITO DE OPOFIM\u00c1TICA"},"content":{"rendered":"<p>Hola opositor@!!<\/p>\n<p>A continuaci\u00f3n te dejo unos enlaces \u00fatiles con contenidos gratuitos de Opofim\u00e1tica!! Espero que te gusten y te sirvan de ayuda!!<\/p>\n<p>\u00c1nimo y a por la plaza!!<\/p>\n<p><a href=\"https:\/\/opofimatica.com\/cintas.zip\"><img loading=\"lazy\" decoding=\"async\" class=\"alignnone size-medium wp-image-1598\" src=\"https:\/\/opofimatica.com\/age\/wp-content\/uploads\/2024\/03\/FREE01-300x48.jpg\" alt=\"\" width=\"300\" height=\"48\" srcset=\"https:\/\/opofimatica.com\/age\/wp-content\/uploads\/2024\/03\/FREE01-300x48.jpg 300w, https:\/\/opofimatica.com\/age\/wp-content\/uploads\/2024\/03\/FREE01.jpg 624w\" sizes=\"auto, (max-width: 300px) 100vw, 300px\" \/><\/a><\/p>\n<p><a href=\"https:\/\/opofimatica.com\/age\/demo\"><img loading=\"lazy\" decoding=\"async\" class=\"alignnone size-medium wp-image-1599\" src=\"https:\/\/opofimatica.com\/age\/wp-content\/uploads\/2024\/03\/FREE02-300x48.jpg\" alt=\"\" width=\"300\" height=\"48\" srcset=\"https:\/\/opofimatica.com\/age\/wp-content\/uploads\/2024\/03\/FREE02-300x48.jpg 300w, https:\/\/opofimatica.com\/age\/wp-content\/uploads\/2024\/03\/FREE02.jpg 624w\" sizes=\"auto, (max-width: 300px) 100vw, 300px\" \/><\/a><\/p>\n<p><a href=\"https:\/\/opofimatica.com\/age\/tests-de-informatica-gratis\/\"><img loading=\"lazy\" decoding=\"async\" class=\"alignnone size-medium wp-image-1604\" src=\"https:\/\/opofimatica.com\/age\/wp-content\/uploads\/2024\/03\/FREE03-1-300x48.jpg\" alt=\"\" width=\"300\" height=\"48\" srcset=\"https:\/\/opofimatica.com\/age\/wp-content\/uploads\/2024\/03\/FREE03-1-300x48.jpg 300w, https:\/\/opofimatica.com\/age\/wp-content\/uploads\/2024\/03\/FREE03-1.jpg 624w\" sizes=\"auto, (max-width: 300px) 100vw, 300px\" \/><\/a><\/p>\n<p><a href=\"https:\/\/opofimatica.com\/age\/pasapalabra-de-informatica-1\/\"><img loading=\"lazy\" decoding=\"async\" class=\"alignnone wp-image-1837 size-medium\" src=\"https:\/\/opofimatica.com\/age\/wp-content\/uploads\/2024\/06\/FREE04B-300x48.jpg?_t=1717777389\" alt=\"\" width=\"300\" height=\"48\" srcset=\"https:\/\/opofimatica.com\/age\/wp-content\/uploads\/2024\/06\/FREE04B-300x48.jpg 300w, https:\/\/opofimatica.com\/age\/wp-content\/uploads\/2024\/06\/FREE04B.jpg 624w\" sizes=\"auto, (max-width: 300px) 100vw, 300px\" \/><\/a><\/p>\n<p>Si te gustan los contenidos y quieres unirte a la familia de Opofim\u00e1tica puedes suscribirte por 95\u20ac al pack de 6 meses y tendr\u00e1s acceso a los <a href=\"https:\/\/opofimatica.com\/age\/register\/\">CURSOS DE OFIM\u00c1TICA<\/a>\u00a0y a la P<a href=\"https:\/\/opofimatica.com\/age\/plataforma-de-test\/\">LATAFORMA DE TEST<\/a> donde hay ya m\u00e1s de 4000 preguntas de tests para practicar, y todo enfocado al temario de AGE (Inform\u00e1tica, Windows, Word, Excel, Access y Outlook). Adem\u00e1s, todos los meses actualizamos la plataforma con muchas preguntas de tests nuevas, con un <a href=\"https:\/\/opofimatica.com\/age\/simulacro-julio-2023\/\">simulacro de examen<\/a>\u00a0y con un\u00a0<a href=\"https:\/\/opofimatica.com\/age\/pasapalabra-de-informatica-1\/\">Rosco de Pasapalabra<\/a>.<\/p>\n","protected":false},"excerpt":{"rendered":"<p>Hola opositor@!! A continuaci\u00f3n te dejo unos enlaces \u00fatiles con contenidos gratuitos de Opofim\u00e1tica!! Espero que te gusten y te sirvan de ayuda!! \u00c1nimo y a por la plaza!! Si te gustan los contenidos y quieres unirte a la familia de Opofim\u00e1tica puedes suscribirte por 95\u20ac al pack de 6 meses y tendr\u00e1s acceso a [&hellip;]<\/p>\n","protected":false},"author":1,"featured_media":0,"parent":0,"menu_order":0,"comment_status":"closed","ping_status":"closed","template":"","meta":{"site-sidebar-layout":"left-sidebar","site-content-layout":"default","ast-site-content-layout":"default","site-content-style":"default","site-sidebar-style":"default","ast-global-header-display":"","ast-banner-title-visibility":"","ast-main-header-display":"","ast-hfb-above-header-display":"","ast-hfb-below-header-display":"","ast-hfb-mobile-header-display":"","site-post-title":"","ast-breadcrumbs-content":"","ast-featured-img":"","footer-sml-layout":"","theme-transparent-header-meta":"default","adv-header-id-meta":"","stick-header-meta":"","header-above-stick-meta":"","header-main-stick-meta":"","header-below-stick-meta":"","astra-migrate-meta-layouts":"set","ast-page-background-enabled":"default","ast-page-background-meta":{"desktop":{"background-color":"var(--ast-global-color-4)","background-image":"","background-repeat":"repeat","background-position":"center center","background-size":"auto","background-attachment":"scroll","background-type":"","background-media":"","overlay-type":"","overlay-color":"","overlay-opacity":"","overlay-gradient":""},"tablet":{"background-color":"","background-image":"","background-repeat":"repeat","background-position":"center center","background-size":"auto","background-attachment":"scroll","background-type":"","background-media":"","overlay-type":"","overlay-color":"","overlay-opacity":"","overlay-gradient":""},"mobile":{"background-color":"","background-image":"","background-repeat":"repeat","background-position":"center center","background-size":"auto","background-attachment":"scroll","background-type":"","background-media":"","overlay-type":"","overlay-color":"","overlay-opacity":"","overlay-gradient":""}},"ast-content-background-meta":{"desktop":{"background-color":"var(--ast-global-color-5)","background-image":"","background-repeat":"repeat","background-position":"center center","background-size":"auto","background-attachment":"scroll","background-type":"","background-media":"","overlay-type":"","overlay-color":"","overlay-opacity":"","overlay-gradient":""},"tablet":{"background-color":"var(--ast-global-color-5)","background-image":"","background-repeat":"repeat","background-position":"center center","background-size":"auto","background-attachment":"scroll","background-type":"","background-media":"","overlay-type":"","overlay-color":"","overlay-opacity":"","overlay-gradient":""},"mobile":{"background-color":"var(--ast-global-color-5)","background-image":"","background-repeat":"repeat","background-position":"center center","background-size":"auto","background-attachment":"scroll","background-type":"","background-media":"","overlay-type":"","overlay-color":"","overlay-opacity":"","overlay-gradient":""}},"footnotes":""},"class_list":["post-1597","page","type-page","status-publish","hentry"],"_links":{"self":[{"href":"https:\/\/opofimatica.com\/age\/wp-json\/wp\/v2\/pages\/1597","targetHints":{"allow":["GET"]}}],"collection":[{"href":"https:\/\/opofimatica.com\/age\/wp-json\/wp\/v2\/pages"}],"about":[{"href":"https:\/\/opofimatica.com\/age\/wp-json\/wp\/v2\/types\/page"}],"author":[{"embeddable":true,"href":"https:\/\/opofimatica.com\/age\/wp-json\/wp\/v2\/users\/1"}],"replies":[{"embeddable":true,"href":"https:\/\/opofimatica.com\/age\/wp-json\/wp\/v2\/comments?post=1597"}],"version-history":[{"count":24,"href":"https:\/\/opofimatica.com\/age\/wp-json\/wp\/v2\/pages\/1597\/revisions"}],"predecessor-version":[{"id":3003,"href":"https:\/\/opofimatica.com\/age\/wp-json\/wp\/v2\/pages\/1597\/revisions\/3003"}],"wp:attachment":[{"href":"https:\/\/opofimatica.com\/age\/wp-json\/wp\/v2\/media?parent=1597"}],"curies":[{"name":"wp","href":"https:\/\/api.w.org\/{rel}","templated":true}]}}