{"id":1635,"date":"2024-08-05T23:16:10","date_gmt":"2024-08-05T23:16:10","guid":{"rendered":"https:\/\/opofimatica.com\/age\/?page_id=1635"},"modified":"2026-04-16T21:33:31","modified_gmt":"2026-04-16T21:33:31","slug":"novedades","status":"publish","type":"page","link":"https:\/\/opofimatica.com\/age\/novedades\/","title":{"rendered":"Novedades"},"content":{"rendered":"<div style=\"background-color: #cfc; border: 1px dashed gray; padding: 10px; margin-bottom: 15px;\">\ud83d\udc95 Por cierto, si est\u00e1s content@ con la plataforma y quieres ayudar, puedes dejar una rese\u00f1a en Trustpilot, solo se tarda 2 minutos.Gracias de coraz\u00f3n!!<br \/>\nTe dejo el enlace: <a href=\"https:\/\/es.trustpilot.com\/review\/opofimatica.com\" target=\"_blank\" rel=\"noopener\">https:\/\/es.trustpilot.com\/review\/opofimatica.com<\/a><\/div>\n<p>En esta p\u00e1gina podr\u00e1s ir consultando el historial de actualizaciones de la p\u00e1gina de Opofim\u00e1tica.<\/p>\n<h5><span style=\"font-family: inherit;\">\ud83d\udd14 16\/04\/2026<\/span><\/h5>\n<ul>\n<li>A\u00f1adidas las preguntas de test nuevas del mes de abril de 2026.<\/li>\n<\/ul>\n<h5><span style=\"font-family: inherit;\">\ud83d\udd14 12\/04\/2026<\/span><\/h5>\n<ul>\n<li>Se ha a\u00f1adido un pdf relacionado con las extensiones (Anexo4 en el m\u00f3dulo de Inform\u00e1tica b\u00e1sica).<\/li>\n<\/ul>\n<h5>\ud83d\udd14 06\/04\/2026<\/h5>\n<ul>\n<li>Correcci\u00f3n de errata en el PDF de curso de Word (p\u00e1gina 6) &#8211; L\u00edneas viudas y hu\u00e9rfanas.<\/li>\n<\/ul>\n<h5>\ud83d\udd14 29\/03\/2026<\/h5>\n<ul>\n<li>Se ha a\u00f1adido el Simulacro de marzo de 2026.<\/li>\n<\/ul>\n<h5>\ud83d\udd14 28\/03\/2026<\/h5>\n<ul>\n<li>A\u00f1adido pdf con las especificaciones de Word en la secci\u00f3n Teor\u00eda &gt; Especificaciones t\u00e9cnicas.<\/li>\n<\/ul>\n<h5>\ud83d\udd14 22\/03\/2026<\/h5>\n<ul>\n<li>Actualizados todos los Hist\u00f3ricos de tests de todas las categor\u00edas.<\/li>\n<\/ul>\n<h5>\ud83d\udd14 21\/03\/2026<\/h5>\n<ul>\n<li>A\u00f1adidas las preguntas de test nuevas del mes de marzo de 2026.<\/li>\n<\/ul>\n<h5>\ud83d\udd14 17\/03\/2026<\/h5>\n<ul>\n<li>Se ha modificado el PDF de los atajos de teclado de la secci\u00f3n WINDOWS 11. Se ha corregido el atajo WIN + W que ahora abre la ventana de los Widgets.<\/li>\n<\/ul>\n<h5>\ud83d\udd14 01\/03\/2026<\/h5>\n<ul>\n<li>Se ha a\u00f1adido el Simulacro de febrero de 2026.<\/li>\n<\/ul>\n<h5>\ud83d\udd14 17\/02\/2026<\/h5>\n<ul>\n<li>A\u00f1adido un lote nuevo con preguntas de Windows 11 al hist\u00f3rico de tests.<\/li>\n<\/ul>\n<h5>\ud83d\udd14 12\/02\/2026<\/h5>\n<ul>\n<li>Ya est\u00e1 publicado en la plataforma el manual de la Interfaz de Excel. El bot\u00f3n para descargarlo est\u00e1 en la secci\u00f3n CURSOS &gt; EXCEL &gt; M\u00d3DULO 1, justamente debajo del v\u00eddeo n\u00ba 2.<\/li>\n<\/ul>\n<h5>\ud83d\udd14 02\/02\/2026<\/h5>\n<ul>\n<li>A\u00f1adida la secci\u00f3n Test Aleatorio (Con Windows 11), donde la plataforma generar\u00e1 un examen con preguntas al azar de todas las categor\u00edas.<\/li>\n<\/ul>\n<h5>\ud83d\udd14 01\/02\/2026<\/h5>\n<ul>\n<li>Se ha a\u00f1adido el Simulacro de enero de 2026.<\/li>\n<\/ul>\n<h5>\ud83d\udd14 31\/01\/2026<\/h5>\n<ul>\n<li>Se ha movido el manual de la interfaz de Outlook 2019\/365 al inicio del curso de Outlook para que est\u00e9 m\u00e1s accesible. Ahora est\u00e1 en un bot\u00f3n independiente.<\/li>\n<\/ul>\n<h5>\ud83d\udd14 25\/01\/2026<\/h5>\n<ul>\n<li>Se ha a\u00f1adido el manual en PDF del nuevo Explorador de archivos de Windows 11. El enlace de descarga est\u00e1 en CURSOS &gt; WINDOWS 11.<\/li>\n<\/ul>\n<h5>\ud83d\udd14 21\/01\/2026<\/h5>\n<ul>\n<li>Corregida una errata en el manual de Windows 11 en la p\u00e1gina 43. Se ha eliminado Skype de la lista de aplicaciones instaladas de Windows 11 y se ha sustituido por Teams.<\/li>\n<\/ul>\n<h5>\ud83d\udd14 19\/01\/2026<\/h5>\n<ul>\n<li>Se ha a\u00f1adido una nueva categor\u00eda: TEST ALEATORIO DE WINDOWS 11.<\/li>\n<\/ul>\n<h5>\ud83d\udd14 18\/01\/2026<\/h5>\n<ul>\n<li>Se han a\u00f1adido 75 preguntas adaptadas de Windows 11. Tambi\u00e9n se ha actualizado el Hist\u00f3rico de Windows 11 a\u00f1adiendo todas las preguntas nuevas.<\/li>\n<\/ul>\n<h5>\ud83d\udd14 12\/01\/2026<\/h5>\n<ul>\n<li>Se ha actualizado el manual de Windows 11 ampliando los dos \u00faltimos temas. Se recomienda descargarlo de nuevo aunque no es necesario que lo imprimas todo, solo imprime los temas de &#8220;Configuraci\u00f3n&#8221; y &#8220;Copilot&#8221;.<\/li>\n<\/ul>\n<h5>\ud83d\udd14 08\/01\/2026<\/h5>\n<ul>\n<li>Se ha actualizado la cinta de opciones de Excel 365. Microsoft ha movido el bot\u00f3n ANALIZAR DATOS que estaba en la ficha INICIO y ahora est\u00e1 en DATOS. Se ha modificado tambi\u00e9n la pregunta n\u00ba 834 del hist\u00f3rico de Excel.<\/li>\n<\/ul>\n<h5>\ud83d\udd14 02\/01\/2026<\/h5>\n<ul>\n<li>A\u00f1adidas las preguntas de test del mes de diciembre de 2025.<\/li>\n<\/ul>\n<h5>\ud83d\udd14 28\/12\/2025<\/h5>\n<ul>\n<li>A\u00f1adido el <a href=\"https:\/\/opofimatica.com\/age\/simulacro-diciembre-2025\/\">simulacro de diciembre de 2025.<\/a><\/li>\n<\/ul>\n<h5>\ud83d\udd14 30\/11\/2025<\/h5>\n<ul>\n<li>A\u00f1adidas las preguntas de test del mes de noviembre de 2025.<\/li>\n<\/ul>\n<h5>\ud83d\udd14 10\/11\/2025<\/h5>\n<ul>\n<li>A\u00f1adido un ejercicio pr\u00e1ctico de Excel (Contabilidad Museo) en la nueva secci\u00f3n EJERCICIOS.<\/li>\n<\/ul>\n<h5>\ud83d\udd14 08\/11\/2025<\/h5>\n<ul>\n<li>A\u00f1adidos 5 patreontest de Access a la secci\u00f3n Patreon.<\/li>\n<\/ul>\n<h5>\ud83d\udd14 31\/10\/2025<\/h5>\n<ul>\n<li>A\u00f1adidas las preguntas de test del <a href=\"https:\/\/opofimatica.com\/age\/octubre-2025\/\">mes de octubre de 2025<\/a>.<\/li>\n<\/ul>\n<h5>\ud83d\udd14 19\/10\/2025<\/h5>\n<ul>\n<li>A\u00f1adido un manual de la Interfaz de Word 365 en el <a href=\"https:\/\/opofimatica.com\/age\/curso-word\/\">m\u00f3dulo 1 del Curso de Word<\/a> (Solo disponible para suscripciones con cursos).<\/li>\n<\/ul>\n<h5>\ud83d\udd14 04\/10\/2025<\/h5>\n<ul>\n<li>A\u00f1adido el <a href=\"https:\/\/opofimatica.com\/age\/simulacro-octubre-2025\/\">simulacro de examen del mes de octubre<\/a> (muy relacionado con la Junta de Castilla La Mancha)<\/li>\n<\/ul>\n<h5>\ud83d\udd14 28\/09\/2025<\/h5>\n<ul>\n<li>A\u00f1adidas las preguntas de test del mes de septiembre de 2025.<\/li>\n<li>Actualizada la secci\u00f3n <a href=\"https:\/\/opofimatica.com\/age\/otros-examenes\/\">OTROS EX\u00c1MENES<\/a> de la plataforma de test. Se han a\u00f1adido unos ex\u00e1menes de la Junta de Castilla La Mancha.<\/li>\n<\/ul>\n<h5>\ud83d\udd14 14\/09\/2025<\/h5>\n<ul>\n<li>A\u00f1adido el <a href=\"https:\/\/opofimatica.com\/age\/simulacro-septiembre-2025\/\">simulacro de septiembre de 2025<\/a> (adaptado al temario de Tramitaci\u00f3n Procesal).<\/li>\n<\/ul>\n<h5>\ud83d\udd14 31\/08\/2025<\/h5>\n<ul>\n<li>A\u00f1adido el <a href=\"https:\/\/opofimatica.com\/age\/simulacro-agosto-2025\/\">simulacro de agosto de 2025<\/a> y <a href=\"https:\/\/opofimatica.com\/age\/agosto-2025\/\">las preguntas de test de este mes<\/a>.<\/li>\n<\/ul>\n<h5>\ud83d\udd14 28\/08\/2025<\/h5>\n<ul>\n<li>Corregida una errata que hab\u00eda en el PDF del m\u00f3dulo 1 del curso de Outlook (p\u00e1gina 13). El n\u00famero de caracteres m\u00e1ximos para el nombre del dominio y extensi\u00f3n NO es 256 sino 255.<\/li>\n<\/ul>\n<h5>\ud83d\udd14 16\/08\/2025<\/h5>\n<ul>\n<li>A\u00f1adido un anexo nuevo sobre el navegador Microsoft Edge en el m\u00f3dulo <a href=\"https:\/\/opofimatica.com\/age\/red-internet\/\">La Red: Internet<\/a>.<\/li>\n<\/ul>\n<h5>\ud83d\udd14 08\/08\/2025<\/h5>\n<ul>\n<li>A\u00f1adida la categor\u00eda <a href=\"https:\/\/opofimatica.com\/age\/test-aleatorio-word-excel\/\">Test Aleatorio de Word y Excel<\/a>.<\/li>\n<\/ul>\n<h5>\ud83d\udd14 04\/08\/2025<\/h5>\n<ul>\n<li>Actualizados todos los hist\u00f3ricos de todas las categor\u00edas.<\/li>\n<\/ul>\n<h5>\ud83d\udd14 24\/07\/2025<\/h5>\n<ul>\n<li>Actualizaci\u00f3n en el manual del m\u00f3dulo <a href=\"https:\/\/opofimatica.com\/age\/red-internet\/\">La Red: Internet<\/a> (P\u00e1gina 20-21) y se han subido dos anexos nuevos en el mismo m\u00f3dulo (Anexo 9 y 10).<\/li>\n<\/ul>\n<h5><img decoding=\"async\" class=\"emoji\" role=\"img\" draggable=\"false\" src=\"https:\/\/s.w.org\/images\/core\/emoji\/15.1.0\/svg\/1f514.svg\" alt=\"\ud83d\udd14\" \/> 30\/06\/2025<\/h5>\n<ul>\n<li>A\u00f1adido el\u00a0<a href=\"https:\/\/opofimatica.com\/age\/simulacro-junio-2025\/\">simulacro de junio de 2025<\/a>\u00a0y\u00a0<a href=\"https:\/\/opofimatica.com\/age\/junio-2025\/\">las preguntas de test de este mes<\/a>.<\/li>\n<\/ul>\n<h5><img decoding=\"async\" class=\"emoji\" role=\"img\" draggable=\"false\" src=\"https:\/\/s.w.org\/images\/core\/emoji\/15.1.0\/svg\/1f514.svg\" alt=\"\ud83d\udd14\" \/>\u00a031\/05\/2025<\/h5>\n<ul>\n<li>A\u00f1adido el\u00a0<a href=\"https:\/\/opofimatica.com\/age\/simulacro-mayo-2025\/\">simulacro de mayo de 2025<\/a>\u00a0y\u00a0<a href=\"https:\/\/opofimatica.com\/age\/mayo-2025\/\">las preguntas de test de este mes<\/a>.<\/li>\n<\/ul>\n<h5>\ud83d\udd14 26\/05\/2025<\/h5>\n<ul>\n<li>A\u00f1adido el v\u00eddeo Explorador de archivos en el Curso de Windows 11.<\/li>\n<\/ul>\n<h5>\ud83d\udd14 30\/04\/2025<\/h5>\n<ul>\n<li>A\u00f1adido el <a href=\"https:\/\/www.opofimatica.com\/age\/simulacro-abril-2025\/\">simulacro de abril de 2025<\/a>.<\/li>\n<\/ul>\n<h5>\ud83d\udd14 26\/04\/2025<\/h5>\n<ul>\n<li>A\u00f1adidas las <a href=\"https:\/\/www.opofimatica.com\/age\/abril-2025\/\">preguntas de tests del mes de abril<\/a>.<\/li>\n<\/ul>\n<h5>\ud83d\udd14 10\/04\/2025<\/h5>\n<ul>\n<li>Actualizados todos los hist\u00f3ricos de todas las categor\u00edas.<\/li>\n<\/ul>\n<h5>\ud83d\udd14 07\/04\/2025<\/h5>\n<ul>\n<li>A\u00f1adidos a la plataforma los v\u00eddeos de la ventana de configuraci\u00f3n de Windows 11. <a href=\"https:\/\/www.opofimatica.com\/age\/curso-windows11\">Puedes acceder pulsando aqu\u00ed<\/a><\/li>\n<\/ul>\n<h5>\ud83d\udd14 31\/03\/2025<\/h5>\n<ul>\n<li>A\u00f1adidas las <a href=\"https:\/\/opofimatica.com\/age\/marzo-2025\/\">preguntas de tests del mes de marzo<\/a>.<\/li>\n<\/ul>\n<h5>\ud83d\udd14 30\/03\/2025<\/h5>\n<ul>\n<li>A\u00f1adido el <a href=\"https:\/\/opofimatica.com\/age\/simulacro-marzo-2025\/\">simulacro de marzo de 2025<\/a>.<\/li>\n<\/ul>\n<h5>\ud83d\udd14 02\/03\/2025<\/h5>\n<ul>\n<li>A\u00f1adido el <a href=\"https:\/\/opofimatica.com\/age\/simulacro-febrero-2025\/\">simulacro de febrero de 2025<\/a>\u00a0y las preguntas de Windows 11 a las <a href=\"https:\/\/opofimatica.com\/age\/febrero-2025\/\">preguntas de Febrero<\/a>.<\/li>\n<\/ul>\n<h5>\ud83d\udd14 26\/02\/2025<\/h5>\n<ul>\n<li>A\u00f1adido a la plataforma los dos primeros v\u00eddeos del Curso de Windows 11, as\u00ed como el manual y los anexos. <a href=\"https:\/\/www.opofimatica.com\/age\/curso-windows11\">Puedes acceder pulsando aqu\u00ed<\/a><\/li>\n<\/ul>\n<h5>\ud83d\udd14 08\/02\/2025<\/h5>\n<ul>\n<li>Actualizado el pdf del m\u00f3dulo 1 del Curso de Outlook.<\/li>\n<\/ul>\n<h5>\ud83d\udd14 02\/02\/2025<\/h5>\n<ul>\n<li>Subida <a href=\"https:\/\/opofimatica.com\/age\/examen-c1-age-2024\/\">la correcci\u00f3n del examen de Administrativo del Estado de diciembre de 2024<\/a>.<\/li>\n<\/ul>\n<h5>\ud83d\udd14 01\/02\/2025<\/h5>\n<ul>\n<li>A\u00f1adidos los tests mensuales de Enero de 2025 a la plataforma.<\/li>\n<li>Subida la <a href=\"https:\/\/opofimatica.com\/age\/examen-c2-age-2024\/\">correcci\u00f3n del examen de Auxiliar Administrativo del Estado de diciembre de 2024<\/a>.<\/li>\n<\/ul>\n<h5>\ud83d\udd14 08\/12\/2024<\/h5>\n<ul>\n<li>A\u00f1adido nuevo lote de preguntas del mes de diciembre.<\/li>\n<\/ul>\n<h5>\ud83d\udd14 01\/12\/2024<\/h5>\n<ul>\n<li>A\u00f1adido el <a href=\"https:\/\/opofimatica.com\/age\/simulacro-diciembre-2024\/\">simulacro de diciembre de 2024<\/a>.<\/li>\n<\/ul>\n<h5>\ud83d\udd14 27\/11\/2024<\/h5>\n<ul>\n<li>Publicadas las preguntas de test del mes de noviembre en su secci\u00f3n correspondiente.<\/li>\n<\/ul>\n<h5>\ud83d\udd14 20\/11\/2024<\/h5>\n<ul>\n<li>Actualizado el PDF con los <a href=\"https:\/\/opofimatica.com\/age\/novedades-de-office-365\/\">atajos modificados de Office 365<\/a>. (La negrita vuelve a ser CTRL + N y el panel de navegaci\u00f3n CTRL + B)<\/li>\n<\/ul>\n<h5>\ud83d\udd14 17\/11\/2024<\/h5>\n<ul>\n<li>A\u00f1adido el <a href=\"https:\/\/opofimatica.com\/age\/simulacro-noviembre-20244\/\">simulacro de noviembre de 2024<\/a>.<\/li>\n<\/ul>\n<h5>\ud83d\udd14 10\/11\/2024<\/h5>\n<ul>\n<li>A\u00f1adido un nuevo anexo en el m\u00f3dulo de <a href=\"https:\/\/opofimatica.com\/age\/informatica-basica\/\">Inform\u00e1tica b\u00e1sica<\/a>. Anexo 3: Tipos de memorias.<\/li>\n<li>A\u00f1adidos dos pdfs con las <a href=\"https:\/\/opofimatica.com\/age\/especificaciones-tecnicas-office\/\">Especificaciones t\u00e9cnicas de Excel y Access<\/a>, est\u00e1 en la secci\u00f3n TEOR\u00cdA del men\u00fa.<\/li>\n<\/ul>\n<h5>\ud83d\udd14 05\/11\/2024<\/h5>\n<ul>\n<li>Actualizados todos los hist\u00f3ricos con las preguntas a\u00f1adidas del mes pasado.<\/li>\n<\/ul>\n<h5>\ud83d\udd14 28\/10\/2024<\/h5>\n<ul>\n<li>A\u00f1adidos los v\u00eddeos explicativos de los ejercicios de repaso de Word y Excel.<\/li>\n<\/ul>\n<h5>\ud83d\udd14 25\/10\/2024<\/h5>\n<ul>\n<li>A\u00f1adidos <a href=\"https:\/\/opofimatica.com\/age\/ejercicios-repaso-10-2024\/\">dos ejercicios de repaso de Word y Excel<\/a>.<\/li>\n<\/ul>\n<h5>\ud83d\udd14 13\/10\/2024<\/h5>\n<ul>\n<li>A\u00f1adidos los pdfs con los atajos de teclado de Word, Excel, Access, Outlook y Windows 10. Est\u00e1n en\u00a0la secci\u00f3n <a href=\"https:\/\/opofimatica.com\/age\/atajos-office\/\">Atajos de teclado de Office<\/a>.<\/li>\n<\/ul>\n<h5>\ud83d\udd14 09\/10\/2024<\/h5>\n<ul>\n<li>A\u00f1adido documento con los atajos de teclado que han cambiado en Word 365. Est\u00e1 en\u00a0la secci\u00f3n <a href=\"https:\/\/opofimatica.com\/age\/novedades-de-office-365\/\">Novedades de Office 365<\/a>.<\/li>\n<\/ul>\n<h5>\ud83d\udd14 03\/10\/2024<\/h5>\n<ul>\n<li>Actualizado el anexo 7 SEO, a\u00f1adiendo un concepto importante, SEM.<\/li>\n<\/ul>\n<h5>\ud83d\udd14 02\/10\/2024<\/h5>\n<ul>\n<li>A\u00f1adidos los anexos 6, 7 y 8 en la <a href=\"https:\/\/opofimatica.com\/age\/red-internet\/\">secci\u00f3n de Teor\u00eda &gt; La Red Internet <\/a>. Adem\u00e1s se ha actualizado el manual de este m\u00f3dulo a\u00f1adiendo un protocolo nuevo (DHCP) en la p\u00e1gina 17.<\/li>\n<\/ul>\n<h5>\ud83d\udd14 27\/09\/2024<\/h5>\n<ul>\n<li>Actualizada la plataforma de test con el <a href=\"https:\/\/opofimatica.com\/age\/septiembre-2024\/\">lote de preguntas de Septiembre 2024<\/a>.<\/li>\n<\/ul>\n<h5>\ud83d\udd14 24\/09\/2024<\/h5>\n<ul>\n<li>Corregido un fallo en el Anexo 1. Direcci\u00f3n IPv4 vs IPv6 (P\u00e1gina 1, rangos de direcciones ip privadas)<\/li>\n<\/ul>\n<h5>\ud83d\udd14 22\/09\/2024<\/h5>\n<ul>\n<li>Subido a la plataforma el nuevo m\u00f3dulo te\u00f3rico <a href=\"https:\/\/opofimatica.com\/age\/red-internet\/\">La Red Internet<\/a>.<\/li>\n<\/ul>\n<h5>\ud83d\udd14 12\/09\/2024<\/h5>\n<ul>\n<li>Actualizados todos los Hist\u00f3ricos a\u00f1adiendo las preguntas de agosto.<\/li>\n<\/ul>\n<h5>\ud83d\udd14 07\/09\/2024<\/h5>\n<ul>\n<li>A\u00f1adido el <a href=\"https:\/\/opofimatica.com\/age\/test-office365\/\">hist\u00f3rico de tests de Office 365<\/a>, aparece en el men\u00fa lateral izquierdo.<\/li>\n<\/ul>\n<h5>\ud83d\udd14 31\/08\/2024<\/h5>\n<ul>\n<li>A\u00f1adido el <a href=\"https:\/\/opofimatica.com\/age\/simulacro-agosto-2024\/\">simulacro de agosto<\/a> a la plataforma.<\/li>\n<\/ul>\n<h5>\ud83d\udd14 29\/08\/2024<\/h5>\n<ul>\n<li>Subido a la plataforma el nuevo m\u00f3dulo te\u00f3rico <a href=\"https:\/\/opofimatica.com\/age\/explorador-windows\/\">Explorador de Windows<\/a>.<\/li>\n<\/ul>\n<h5>\ud83d\udd14 23\/08\/2024<\/h5>\n<ul>\n<li>Actualizada la plataforma de test con el <a href=\"https:\/\/opofimatica.com\/age\/agosto-2024\/\">lote de preguntas de Agosto 2024<\/a>.<\/li>\n<\/ul>\n<h5>\ud83d\udd14 19\/08\/2024<\/h5>\n<ul>\n<li>A\u00f1adido el v\u00eddeo con las novedades de Outlook 365 a la secci\u00f3n <a href=\"https:\/\/opofimatica.com\/age\/novedades-de-office-365\/\">Novedades de Office 365<\/a>.<\/li>\n<\/ul>\n<h5>\ud83d\udd14 15\/08\/2024<\/h5>\n<ul>\n<li>A\u00f1adidos los pdfs con la <a href=\"https:\/\/opofimatica.com\/age\/cintas-de-office-365\/\">cinta de Access 365 y la comparativa 2019 vs 365. <\/a><\/li>\n<\/ul>\n<h5>\ud83d\udd14 14\/08\/2024<\/h5>\n<ul>\n<li>A\u00f1adido el v\u00eddeo con las novedades de Access 365 a la secci\u00f3n <a href=\"https:\/\/opofimatica.com\/age\/novedades-de-office-365\/\">Novedades de Office 365<\/a>.<\/li>\n<\/ul>\n<h5>\ud83d\udd14 12\/08\/2024<\/h5>\n<ul>\n<li>A\u00f1adido el v\u00eddeo con las nuevas funciones de Excel 365 y los nuevos errores a la secci\u00f3n <a href=\"https:\/\/opofimatica.com\/age\/novedades-de-office-365\/\">Novedades de Office 365<\/a>.<\/li>\n<\/ul>\n<h5>\ud83d\udd14 11\/08\/2024<\/h5>\n<ul>\n<li>A\u00f1adido el v\u00eddeo con las nuevas funciones de Excel 2021 y los nuevos errores a la secci\u00f3n <a href=\"https:\/\/opofimatica.com\/age\/novedades-de-office-365\/\">Novedades de Office 365<\/a>.<\/li>\n<\/ul>\n<h5>\ud83d\udd14 09\/08\/2024<\/h5>\n<ul>\n<li>A\u00f1adido el v\u00eddeo con las novedades de Excel 365 a la secci\u00f3n <a href=\"https:\/\/opofimatica.com\/age\/novedades-de-office-365\/\">Novedades de Office 365<\/a>.<\/li>\n<li>Actualizadas las <a href=\"https:\/\/opofimatica.com\/age\/cintas-de-office-365\/\">cintas de Excel 365 y la comparativa 2019\/365<\/a>. (A\u00f1adida la ficha AUTOMATIZAR)<\/li>\n<\/ul>\n<h5>\ud83d\udd14 05\/08\/2024<\/h5>\n<ul>\n<li>A\u00f1adido el v\u00eddeo con las novedades de Word 365 a la secci\u00f3n <a href=\"https:\/\/opofimatica.com\/age\/novedades-de-office-365\/\">Novedades de Office 365<\/a>.<\/li>\n<\/ul>\n<h5>\ud83d\udd14 30\/07\/2024<\/h5>\n<ul>\n<li>Subido a la plataforma el nuevo m\u00f3dulo te\u00f3rico <a href=\"https:\/\/opofimatica.com\/age\/windows10\/\">Introducci\u00f3n a los Sistemas operativos: Windows 10<\/a>..<\/li>\n<\/ul>\n<h5>\ud83d\udd14 25\/07\/2024<\/h5>\n<ul>\n<li>Actualizada la plataforma de test con el <a href=\"https:\/\/opofimatica.com\/age\/julio-2024\/\">lote de preguntas de Julio<\/a>.<\/li>\n<\/ul>\n<h5>\ud83d\udd14 15\/07\/2024<\/h5>\n<ul>\n<li>A\u00f1adidas las Cintas de opciones de Office 365 y el pdf comparativo 365 vs 2019.<br \/>\n<a href=\"https:\/\/opofimatica.com\/age\/cintas-de-office-365\/\">Acceder a la secci\u00f3n para descargar las cintas<\/a>.<\/li>\n<\/ul>\n<h5>\ud83d\udd14 10\/07\/2024<\/h5>\n<ul>\n<li>Publicada convocatoria de los procesos selectivos para el ingreso y el acceso en Cuerpos de la Administraci\u00f3n General del Estado correspondiente a la acumulaci\u00f3n de las OPE 2023-2024. <a href=\"https:\/\/www.boe.es\/boe\/dias\/2024\/07\/10\/pdfs\/BOE-A-2024-14098.pdf\" target=\"_blank\" rel=\"noopener\">Ver el BOE<\/a>.<\/li>\n<\/ul>\n<h5>\ud83d\udd14 30\/06\/2024<\/h5>\n<ul>\n<li>A\u00f1adido <a href=\"https:\/\/opofimatica.com\/age\/simulacro-junio-2024\/\">simulacro de junio de 2024<\/a>.<\/li>\n<\/ul>\n<h5>\ud83d\udd14 22\/06\/2024<\/h5>\n<ul>\n<li>Nuevo <a href=\"https:\/\/opofimatica.com\/age\/junio-2024\/\">lote de preguntas de test del mes de Junio 2024<\/a>.<\/li>\n<\/ul>\n<h5>\ud83d\udd14 31\/05\/2024<\/h5>\n<ul>\n<li>Nuevo <a href=\"https:\/\/opofimatica.com\/age\/simulacro-mayo-2024\/\">simulacro de Mayo de 2024<\/a> a\u00f1adido a la plataforma.<\/li>\n<\/ul>\n<h5>\ud83d\udd14 27\/05\/2024<\/h5>\n<ul>\n<li>Publicado el nuevo <a href=\"https:\/\/opofimatica.com\/age\/mayo-2024\/\">lote de preguntas de test del mes de Mayo 2024<\/a>.<\/li>\n<\/ul>\n<h5>\ud83d\udd14 18\/05\/2024<\/h5>\n<ul>\n<li>Temario en PDF del <a href=\"https:\/\/opofimatica.com\/age\/informatica-basica\/\">m\u00f3dulo Inform\u00e1tica b\u00e1sica<\/a> subido a la plataforma.<\/li>\n<\/ul>\n<h5>\ud83d\udd14 28\/04\/2024<\/h5>\n<ul>\n<li>Publicado el <a href=\"https:\/\/opofimatica.com\/age\/simulacro-abril-2024\/\">Simulacro de examen de Abril de 2024<\/a> (GRATIS).<\/li>\n<\/ul>\n<h5>\ud83d\udd14 24\/04\/2024<\/h5>\n<ul>\n<li>Nuevo <a href=\"https:\/\/opofimatica.com\/age\/abril-2024\/\">lote de preguntas de test del mes de Abril 2024<\/a>.<\/li>\n<\/ul>\n<h5>\ud83d\udd14 28\/03\/2024<\/h5>\n<ul>\n<li><a href=\"https:\/\/opofimatica.com\/age\/simulacro-marzo-2024\/\">Simulacro de examen de Marzo de 2024<\/a> publicado en la web.<\/li>\n<\/ul>\n<p>&nbsp;<\/p>\n<p>&nbsp;<\/p>\n","protected":false},"excerpt":{"rendered":"<p>\ud83d\udc95 Por cierto, si est\u00e1s content@ con la plataforma y quieres ayudar, puedes dejar una rese\u00f1a en Trustpilot, solo se tarda 2 minutos.Gracias de coraz\u00f3n!! Te dejo el enlace: https:\/\/es.trustpilot.com\/review\/opofimatica.com En esta p\u00e1gina podr\u00e1s ir consultando el historial de actualizaciones de la p\u00e1gina de Opofim\u00e1tica. \ud83d\udd14 16\/04\/2026 A\u00f1adidas las preguntas de test nuevas del mes [&hellip;]<\/p>\n","protected":false},"author":1,"featured_media":0,"parent":0,"menu_order":0,"comment_status":"closed","ping_status":"closed","template":"","meta":{"site-sidebar-layout":"left-sidebar","site-content-layout":"default","ast-site-content-layout":"default","site-content-style":"default","site-sidebar-style":"default","ast-global-header-display":"","ast-banner-title-visibility":"","ast-main-header-display":"","ast-hfb-above-header-display":"","ast-hfb-below-header-display":"","ast-hfb-mobile-header-display":"","site-post-title":"","ast-breadcrumbs-content":"","ast-featured-img":"","footer-sml-layout":"","theme-transparent-header-meta":"default","adv-header-id-meta":"","stick-header-meta":"","header-above-stick-meta":"","header-main-stick-meta":"","header-below-stick-meta":"","astra-migrate-meta-layouts":"set","ast-page-background-enabled":"default","ast-page-background-meta":{"desktop":{"background-color":"var(--ast-global-color-4)","background-image":"","background-repeat":"repeat","background-position":"center center","background-size":"auto","background-attachment":"scroll","background-type":"","background-media":"","overlay-type":"","overlay-color":"","overlay-opacity":"","overlay-gradient":""},"tablet":{"background-color":"","background-image":"","background-repeat":"repeat","background-position":"center center","background-size":"auto","background-attachment":"scroll","background-type":"","background-media":"","overlay-type":"","overlay-color":"","overlay-opacity":"","overlay-gradient":""},"mobile":{"background-color":"","background-image":"","background-repeat":"repeat","background-position":"center center","background-size":"auto","background-attachment":"scroll","background-type":"","background-media":"","overlay-type":"","overlay-color":"","overlay-opacity":"","overlay-gradient":""}},"ast-content-background-meta":{"desktop":{"background-color":"var(--ast-global-color-5)","background-image":"","background-repeat":"repeat","background-position":"center center","background-size":"auto","background-attachment":"scroll","background-type":"","background-media":"","overlay-type":"","overlay-color":"","overlay-opacity":"","overlay-gradient":""},"tablet":{"background-color":"var(--ast-global-color-5)","background-image":"","background-repeat":"repeat","background-position":"center center","background-size":"auto","background-attachment":"scroll","background-type":"","background-media":"","overlay-type":"","overlay-color":"","overlay-opacity":"","overlay-gradient":""},"mobile":{"background-color":"var(--ast-global-color-5)","background-image":"","background-repeat":"repeat","background-position":"center center","background-size":"auto","background-attachment":"scroll","background-type":"","background-media":"","overlay-type":"","overlay-color":"","overlay-opacity":"","overlay-gradient":""}},"footnotes":""},"class_list":["post-1635","page","type-page","status-publish","hentry"],"_links":{"self":[{"href":"https:\/\/opofimatica.com\/age\/wp-json\/wp\/v2\/pages\/1635","targetHints":{"allow":["GET"]}}],"collection":[{"href":"https:\/\/opofimatica.com\/age\/wp-json\/wp\/v2\/pages"}],"about":[{"href":"https:\/\/opofimatica.com\/age\/wp-json\/wp\/v2\/types\/page"}],"author":[{"embeddable":true,"href":"https:\/\/opofimatica.com\/age\/wp-json\/wp\/v2\/users\/1"}],"replies":[{"embeddable":true,"href":"https:\/\/opofimatica.com\/age\/wp-json\/wp\/v2\/comments?post=1635"}],"version-history":[{"count":115,"href":"https:\/\/opofimatica.com\/age\/wp-json\/wp\/v2\/pages\/1635\/revisions"}],"predecessor-version":[{"id":3296,"href":"https:\/\/opofimatica.com\/age\/wp-json\/wp\/v2\/pages\/1635\/revisions\/3296"}],"wp:attachment":[{"href":"https:\/\/opofimatica.com\/age\/wp-json\/wp\/v2\/media?parent=1635"}],"curies":[{"name":"wp","href":"https:\/\/api.w.org\/{rel}","templated":true}]}}