{"id":2054,"date":"2024-08-05T10:14:05","date_gmt":"2024-08-05T10:14:05","guid":{"rendered":"https:\/\/opofimatica.com\/age\/?page_id=2054"},"modified":"2024-10-05T07:51:48","modified_gmt":"2024-10-05T07:51:48","slug":"novedades-word-365","status":"publish","type":"page","link":"https:\/\/opofimatica.com\/age\/novedades-word-365\/","title":{"rendered":"Novedades de Word 365"},"content":{"rendered":"<h3>\ud83d\udd35 NOVEDADES DE WORD 365<\/h3>\n<hr \/>\n<p><em><strong>Si en las bases de la convocatoria de tu examen te piden una versi\u00f3n anterior de Office (2016, 2019,&#8230;), puedes saltarte este v\u00eddeo y seguir con los siguientes.<\/strong><\/em><\/p>\n<p>En este v\u00eddeo estudiaremos todas las novedades de la versi\u00f3n Word 365. Muchos son cambios m\u00ednimos pero conviene tenerlos controlados de cara al examen. En Word tenemos un total de 27 cambios repartidos por toda la interfaz. Mucho \u00e1nimo y vamos al l\u00edo!! \ud83d\ude09<\/p>\n<p>Por cierto, casi todas las preguntas del mes de agosto estar\u00e1n relacionadas con Office 365, de esta forma cogeremos un peque\u00f1o impulso en el estudio.<\/p>\n<h4>V\u00eddeo explicativo con los cambios de Word 365:<\/h4>\n<div class=\"bloqueado\">\r\n\r\n<a href=\"https:\/\/opofimatica.com\/age\/wp-content\/uploads\/2023\/09\/bloqueado.jpg\"><img loading=\"lazy\" decoding=\"async\" class=\"size-full wp-image-674 aligncenter\" src=\"https:\/\/opofimatica.com\/age\/wp-content\/uploads\/2023\/09\/bloqueado.jpg\" alt=\"\" width=\"300\" height=\"200\" srcset=\"https:\/\/opofimatica.com\/age\/wp-content\/uploads\/2023\/09\/bloqueado.jpg 300w, https:\/\/opofimatica.com\/age\/wp-content\/uploads\/2023\/09\/bloqueado-272x182.jpg 272w\" sizes=\"auto, (max-width: 300px) 100vw, 300px\" \/><\/a>Ups! Est\u00e1s intentando acceder a un contenido bloqueado. Necesitas suscribirte a la plataforma de Opofim\u00e1tica para ver este material pero actualmente los registros est\u00e1n cerrados porque ya hemos alcanzado el n\u00famero m\u00e1ximo de alumnos permitidos.\r\n\r\n<a href=\"https:\/\/opofimatica.com\/age\/account\/\">Si ya tienes cuenta, puedes iniciar sesi\u00f3n haciendo clic aqu\u00ed.<\/a>\r\n\r\n&nbsp;\r\n\r\n<\/div>\n","protected":false},"excerpt":{"rendered":"<p>\ud83d\udd35 NOVEDADES DE WORD 365 Si en las bases de la convocatoria de tu examen te piden una versi\u00f3n anterior de Office (2016, 2019,&#8230;), puedes saltarte este v\u00eddeo y seguir con los siguientes. En este v\u00eddeo estudiaremos todas las novedades de la versi\u00f3n Word 365. Muchos son cambios m\u00ednimos pero conviene tenerlos controlados de cara [&hellip;]<\/p>\n","protected":false},"author":1,"featured_media":0,"parent":0,"menu_order":0,"comment_status":"closed","ping_status":"closed","template":"","meta":{"site-sidebar-layout":"left-sidebar","site-content-layout":"default","ast-site-content-layout":"default","site-content-style":"default","site-sidebar-style":"default","ast-global-header-display":"","ast-banner-title-visibility":"","ast-main-header-display":"","ast-hfb-above-header-display":"","ast-hfb-below-header-display":"","ast-hfb-mobile-header-display":"","site-post-title":"disabled","ast-breadcrumbs-content":"","ast-featured-img":"","footer-sml-layout":"","theme-transparent-header-meta":"default","adv-header-id-meta":"","stick-header-meta":"","header-above-stick-meta":"","header-main-stick-meta":"","header-below-stick-meta":"","astra-migrate-meta-layouts":"set","ast-page-background-enabled":"default","ast-page-background-meta":{"desktop":{"background-color":"var(--ast-global-color-4)","background-image":"","background-repeat":"repeat","background-position":"center center","background-size":"auto","background-attachment":"scroll","background-type":"","background-media":"","overlay-type":"","overlay-color":"","overlay-opacity":"","overlay-gradient":""},"tablet":{"background-color":"","background-image":"","background-repeat":"repeat","background-position":"center center","background-size":"auto","background-attachment":"scroll","background-type":"","background-media":"","overlay-type":"","overlay-color":"","overlay-opacity":"","overlay-gradient":""},"mobile":{"background-color":"","background-image":"","background-repeat":"repeat","background-position":"center center","background-size":"auto","background-attachment":"scroll","background-type":"","background-media":"","overlay-type":"","overlay-color":"","overlay-opacity":"","overlay-gradient":""}},"ast-content-background-meta":{"desktop":{"background-color":"var(--ast-global-color-5)","background-image":"","background-repeat":"repeat","background-position":"center center","background-size":"auto","background-attachment":"scroll","background-type":"","background-media":"","overlay-type":"","overlay-color":"","overlay-opacity":"","overlay-gradient":""},"tablet":{"background-color":"var(--ast-global-color-5)","background-image":"","background-repeat":"repeat","background-position":"center center","background-size":"auto","background-attachment":"scroll","background-type":"","background-media":"","overlay-type":"","overlay-color":"","overlay-opacity":"","overlay-gradient":""},"mobile":{"background-color":"var(--ast-global-color-5)","background-image":"","background-repeat":"repeat","background-position":"center center","background-size":"auto","background-attachment":"scroll","background-type":"","background-media":"","overlay-type":"","overlay-color":"","overlay-opacity":"","overlay-gradient":""}},"footnotes":""},"class_list":["post-2054","page","type-page","status-publish","hentry"],"_links":{"self":[{"href":"https:\/\/opofimatica.com\/age\/wp-json\/wp\/v2\/pages\/2054","targetHints":{"allow":["GET"]}}],"collection":[{"href":"https:\/\/opofimatica.com\/age\/wp-json\/wp\/v2\/pages"}],"about":[{"href":"https:\/\/opofimatica.com\/age\/wp-json\/wp\/v2\/types\/page"}],"author":[{"embeddable":true,"href":"https:\/\/opofimatica.com\/age\/wp-json\/wp\/v2\/users\/1"}],"replies":[{"embeddable":true,"href":"https:\/\/opofimatica.com\/age\/wp-json\/wp\/v2\/comments?post=2054"}],"version-history":[{"count":6,"href":"https:\/\/opofimatica.com\/age\/wp-json\/wp\/v2\/pages\/2054\/revisions"}],"predecessor-version":[{"id":2501,"href":"https:\/\/opofimatica.com\/age\/wp-json\/wp\/v2\/pages\/2054\/revisions\/2501"}],"wp:attachment":[{"href":"https:\/\/opofimatica.com\/age\/wp-json\/wp\/v2\/media?parent=2054"}],"curies":[{"name":"wp","href":"https:\/\/api.w.org\/{rel}","templated":true}]}}