{"id":241,"date":"2023-08-12T16:16:32","date_gmt":"2023-08-12T16:16:32","guid":{"rendered":"https:\/\/opofimatica.com\/age\/?page_id=241"},"modified":"2024-07-16T22:59:07","modified_gmt":"2024-07-16T22:59:07","slug":"curso-de-word-8","status":"publish","type":"page","link":"https:\/\/opofimatica.com\/age\/curso-de-word-8\/","title":{"rendered":"Curso de Word 8"},"content":{"rendered":"<h3>\ud83d\udd35 M\u00d3DULO 8. ELEMENTOS MULTIMEDIA<\/h3>\n<div style=\"width: 640px;\" class=\"wp-video\"><video class=\"wp-video-shortcode\" id=\"video-241-1\" width=\"640\" height=\"360\" poster=\"https:\/\/www.opofimatica.com\/patreon\/curso-word\/Word45.jpg\" preload=\"metadata\" controls=\"controls\"><source type=\"video\/mp4\" src=\"https:\/\/www.opofimatica.com\/patreon\/curso-word\/Word45.mp4?_=1\" \/><a href=\"https:\/\/www.opofimatica.com\/patreon\/curso-word\/Word45.mp4\">https:\/\/www.opofimatica.com\/patreon\/curso-word\/Word45.mp4<\/a><\/video><\/div>\n<hr \/>\n<div style=\"width: 640px;\" class=\"wp-video\"><video class=\"wp-video-shortcode\" id=\"video-241-2\" width=\"640\" height=\"360\" poster=\"https:\/\/www.opofimatica.com\/patreon\/curso-word\/Word46.jpg\" preload=\"metadata\" controls=\"controls\"><source type=\"video\/mp4\" src=\"https:\/\/www.opofimatica.com\/patreon\/curso-word\/Word46.mp4?_=2\" \/><a href=\"https:\/\/www.opofimatica.com\/patreon\/curso-word\/Word46.mp4\">https:\/\/www.opofimatica.com\/patreon\/curso-word\/Word46.mp4<\/a><\/video><\/div>\n<hr \/>\n<div style=\"width: 640px;\" class=\"wp-video\"><video class=\"wp-video-shortcode\" id=\"video-241-3\" width=\"640\" height=\"360\" poster=\"https:\/\/www.opofimatica.com\/patreon\/curso-word\/Word47.jpg\" preload=\"metadata\" controls=\"controls\"><source type=\"video\/mp4\" src=\"https:\/\/www.opofimatica.com\/patreon\/curso-word\/Word47.mp4?_=3\" \/><a href=\"https:\/\/www.opofimatica.com\/patreon\/curso-word\/Word47.mp4\">https:\/\/www.opofimatica.com\/patreon\/curso-word\/Word47.mp4<\/a><\/video><\/div>\n<hr \/>\n<div style=\"width: 640px;\" class=\"wp-video\"><video class=\"wp-video-shortcode\" id=\"video-241-4\" width=\"640\" height=\"360\" poster=\"https:\/\/www.opofimatica.com\/patreon\/curso-word\/Word48.jpg\" preload=\"metadata\" controls=\"controls\"><source type=\"video\/mp4\" src=\"https:\/\/www.opofimatica.com\/patreon\/curso-word\/Word48.mp4?_=4\" \/><a href=\"https:\/\/www.opofimatica.com\/patreon\/curso-word\/Word48.mp4\">https:\/\/www.opofimatica.com\/patreon\/curso-word\/Word48.mp4<\/a><\/video><\/div>\n<hr \/>\n<div style=\"width: 640px;\" class=\"wp-video\"><video class=\"wp-video-shortcode\" id=\"video-241-5\" width=\"640\" height=\"360\" poster=\"https:\/\/www.opofimatica.com\/patreon\/curso-word\/Word49.jpg\" preload=\"metadata\" controls=\"controls\"><source type=\"video\/mp4\" src=\"https:\/\/www.opofimatica.com\/patreon\/curso-word\/Word49.mp4?_=5\" \/><a href=\"https:\/\/www.opofimatica.com\/patreon\/curso-word\/Word49.mp4\">https:\/\/www.opofimatica.com\/patreon\/curso-word\/Word49.mp4<\/a><\/video><\/div>\n<hr \/>\n<div style=\"width: 640px;\" class=\"wp-video\"><video class=\"wp-video-shortcode\" id=\"video-241-6\" width=\"640\" height=\"360\" poster=\"https:\/\/www.opofimatica.com\/patreon\/curso-word\/Word50.jpg\" preload=\"metadata\" controls=\"controls\"><source type=\"video\/mp4\" src=\"https:\/\/www.opofimatica.com\/patreon\/curso-word\/Word50.mp4?_=6\" \/><a href=\"https:\/\/www.opofimatica.com\/patreon\/curso-word\/Word50.mp4\">https:\/\/www.opofimatica.com\/patreon\/curso-word\/Word50.mp4<\/a><\/video><\/div>\n<hr \/>\n<div style=\"width: 640px;\" class=\"wp-video\"><video class=\"wp-video-shortcode\" id=\"video-241-7\" width=\"640\" height=\"360\" poster=\"https:\/\/www.opofimatica.com\/patreon\/curso-word\/Word51.jpg\" preload=\"metadata\" controls=\"controls\"><source type=\"video\/mp4\" src=\"https:\/\/www.opofimatica.com\/patreon\/curso-word\/Word51.mp4?_=7\" \/><a href=\"https:\/\/www.opofimatica.com\/patreon\/curso-word\/Word51.mp4\">https:\/\/www.opofimatica.com\/patreon\/curso-word\/Word51.mp4<\/a><\/video><\/div>\n<hr \/>\n<div style=\"width: 640px;\" class=\"wp-video\"><video class=\"wp-video-shortcode\" id=\"video-241-8\" width=\"640\" height=\"360\" poster=\"https:\/\/www.opofimatica.com\/patreon\/curso-word\/Word52.jpg\" preload=\"metadata\" controls=\"controls\"><source type=\"video\/mp4\" src=\"https:\/\/www.opofimatica.com\/patreon\/curso-word\/Word52.mp4?_=8\" \/><a href=\"https:\/\/www.opofimatica.com\/patreon\/curso-word\/Word52.mp4\">https:\/\/www.opofimatica.com\/patreon\/curso-word\/Word52.mp4<\/a><\/video><\/div>\n<p><a class=\"link\" href=\"https:\/\/www.opofimatica.com\/patreon\/curso-word\/52-ejercicio8.pdf\">Ejercicio8.pdf<\/a><br \/>\n<a class=\"link\" href=\"https:\/\/www.opofimatica.com\/patreon\/curso-word\/52-inicio.docx\">inicio.docx<\/a><\/p>\n<hr \/>\n<div style=\"width: 640px;\" class=\"wp-video\"><video class=\"wp-video-shortcode\" id=\"video-241-9\" width=\"640\" height=\"360\" poster=\"https:\/\/www.opofimatica.com\/patreon\/curso-word\/Word53.jpg\" preload=\"metadata\" controls=\"controls\"><source type=\"video\/mp4\" src=\"https:\/\/www.opofimatica.com\/patreon\/curso-word\/Word53.mp4?_=9\" \/><a href=\"https:\/\/www.opofimatica.com\/patreon\/curso-word\/Word53.mp4\">https:\/\/www.opofimatica.com\/patreon\/curso-word\/Word53.mp4<\/a><\/video><\/div>\n<p><a class=\"link\" href=\"https:\/\/www.opofimatica.com\/patreon\/curso-word\/53-ejercicio9.pdf\">Ejercicio9.pdf<\/a><\/p>\n<p>&nbsp;<\/p>\n<h3>Test de evaluaci\u00f3n del m\u00f3dulo:<\/h3>\n<div class=\"bloqueado\">\r\n\r\n<a href=\"https:\/\/opofimatica.com\/age\/wp-content\/uploads\/2023\/09\/bloqueado.jpg\"><img loading=\"lazy\" decoding=\"async\" class=\"size-full wp-image-674 aligncenter\" src=\"https:\/\/opofimatica.com\/age\/wp-content\/uploads\/2023\/09\/bloqueado.jpg\" alt=\"\" width=\"300\" height=\"200\" srcset=\"https:\/\/opofimatica.com\/age\/wp-content\/uploads\/2023\/09\/bloqueado.jpg 300w, https:\/\/opofimatica.com\/age\/wp-content\/uploads\/2023\/09\/bloqueado-272x182.jpg 272w\" sizes=\"auto, (max-width: 300px) 100vw, 300px\" \/><\/a>Ups! Est\u00e1s intentando acceder a un contenido bloqueado. Necesitas suscribirte a la plataforma de Opofim\u00e1tica para ver este material pero actualmente los registros est\u00e1n cerrados porque ya hemos alcanzado el n\u00famero m\u00e1ximo de alumnos permitidos.\r\n\r\n<a href=\"https:\/\/opofimatica.com\/age\/account\/\">Si ya tienes cuenta, puedes iniciar sesi\u00f3n haciendo clic aqu\u00ed.<\/a>\r\n\r\n&nbsp;\r\n\r\n<\/div>\n","protected":false},"excerpt":{"rendered":"<p>\ud83d\udd35 M\u00d3DULO 8. ELEMENTOS MULTIMEDIA Ejercicio8.pdf inicio.docx Ejercicio9.pdf &nbsp; Test de evaluaci\u00f3n del m\u00f3dulo:<\/p>\n","protected":false},"author":1,"featured_media":0,"parent":0,"menu_order":0,"comment_status":"closed","ping_status":"closed","template":"","meta":{"site-sidebar-layout":"left-sidebar","site-content-layout":"default","ast-site-content-layout":"","site-content-style":"default","site-sidebar-style":"default","ast-global-header-display":"","ast-banner-title-visibility":"","ast-main-header-display":"","ast-hfb-above-header-display":"","ast-hfb-below-header-display":"","ast-hfb-mobile-header-display":"","site-post-title":"disabled","ast-breadcrumbs-content":"","ast-featured-img":"","footer-sml-layout":"","theme-transparent-header-meta":"default","adv-header-id-meta":"","stick-header-meta":"","header-above-stick-meta":"","header-main-stick-meta":"","header-below-stick-meta":"","astra-migrate-meta-layouts":"default","ast-page-background-enabled":"default","ast-page-background-meta":{"desktop":{"background-color":"var(--ast-global-color-4)","background-image":"","background-repeat":"repeat","background-position":"center center","background-size":"auto","background-attachment":"scroll","background-type":"","background-media":"","overlay-type":"","overlay-color":"","overlay-opacity":"","overlay-gradient":""},"tablet":{"background-color":"","background-image":"","background-repeat":"repeat","background-position":"center center","background-size":"auto","background-attachment":"scroll","background-type":"","background-media":"","overlay-type":"","overlay-color":"","overlay-opacity":"","overlay-gradient":""},"mobile":{"background-color":"","background-image":"","background-repeat":"repeat","background-position":"center center","background-size":"auto","background-attachment":"scroll","background-type":"","background-media":"","overlay-type":"","overlay-color":"","overlay-opacity":"","overlay-gradient":""}},"ast-content-background-meta":{"desktop":{"background-color":"var(--ast-global-color-5)","background-image":"","background-repeat":"repeat","background-position":"center center","background-size":"auto","background-attachment":"scroll","background-type":"","background-media":"","overlay-type":"","overlay-color":"","overlay-opacity":"","overlay-gradient":""},"tablet":{"background-color":"var(--ast-global-color-5)","background-image":"","background-repeat":"repeat","background-position":"center center","background-size":"auto","background-attachment":"scroll","background-type":"","background-media":"","overlay-type":"","overlay-color":"","overlay-opacity":"","overlay-gradient":""},"mobile":{"background-color":"var(--ast-global-color-5)","background-image":"","background-repeat":"repeat","background-position":"center center","background-size":"auto","background-attachment":"scroll","background-type":"","background-media":"","overlay-type":"","overlay-color":"","overlay-opacity":"","overlay-gradient":""}},"footnotes":""},"class_list":["post-241","page","type-page","status-publish","hentry"],"_links":{"self":[{"href":"https:\/\/opofimatica.com\/age\/wp-json\/wp\/v2\/pages\/241","targetHints":{"allow":["GET"]}}],"collection":[{"href":"https:\/\/opofimatica.com\/age\/wp-json\/wp\/v2\/pages"}],"about":[{"href":"https:\/\/opofimatica.com\/age\/wp-json\/wp\/v2\/types\/page"}],"author":[{"embeddable":true,"href":"https:\/\/opofimatica.com\/age\/wp-json\/wp\/v2\/users\/1"}],"replies":[{"embeddable":true,"href":"https:\/\/opofimatica.com\/age\/wp-json\/wp\/v2\/comments?post=241"}],"version-history":[{"count":7,"href":"https:\/\/opofimatica.com\/age\/wp-json\/wp\/v2\/pages\/241\/revisions"}],"predecessor-version":[{"id":1945,"href":"https:\/\/opofimatica.com\/age\/wp-json\/wp\/v2\/pages\/241\/revisions\/1945"}],"wp:attachment":[{"href":"https:\/\/opofimatica.com\/age\/wp-json\/wp\/v2\/media?parent=241"}],"curies":[{"name":"wp","href":"https:\/\/api.w.org\/{rel}","templated":true}]}}