{"id":2646,"date":"2024-10-20T17:49:46","date_gmt":"2024-10-20T17:49:46","guid":{"rendered":"https:\/\/opofimatica.com\/age\/?page_id=2646"},"modified":"2024-10-20T17:50:20","modified_gmt":"2024-10-20T17:50:20","slug":"suscripcion-a-opofimatica","status":"publish","type":"page","link":"https:\/\/opofimatica.com\/age\/suscripcion-a-opofimatica\/","title":{"rendered":"SUSCRIPCI\u00d3N A OPOFIM\u00c1TICA"},"content":{"rendered":"<p><img loading=\"lazy\" decoding=\"async\" class=\"wp-image-771 size-large aligncenter\" src=\"https:\/\/opofimatica.com\/age\/wp-content\/uploads\/2023\/09\/dont-worry-1-1024x599.jpg\" alt=\"\" width=\"1024\" height=\"599\" srcset=\"https:\/\/opofimatica.com\/age\/wp-content\/uploads\/2023\/09\/dont-worry-1-1024x599.jpg 1024w, https:\/\/opofimatica.com\/age\/wp-content\/uploads\/2023\/09\/dont-worry-1-300x175.jpg 300w, https:\/\/opofimatica.com\/age\/wp-content\/uploads\/2023\/09\/dont-worry-1-768x449.jpg 768w, https:\/\/opofimatica.com\/age\/wp-content\/uploads\/2023\/09\/dont-worry-1.jpg 1125w\" sizes=\"auto, (max-width: 1024px) 100vw, 1024px\" \/><\/p>\n<p><a href=\"https:\/\/es.trustpilot.com\/review\/opofimatica.com?utm_medium=trustbox&amp;utm_source=MicroReviewCount\"><img loading=\"lazy\" decoding=\"async\" class=\"aligncenter wp-image-1619 size-full\" src=\"https:\/\/opofimatica.com\/age\/wp-content\/uploads\/2024\/03\/trustpilot.jpg?_t=1716226758\" alt=\"\" width=\"307\" height=\"150\" srcset=\"https:\/\/opofimatica.com\/age\/wp-content\/uploads\/2024\/03\/trustpilot.jpg 307w, https:\/\/opofimatica.com\/age\/wp-content\/uploads\/2024\/03\/trustpilot-300x147.jpg 300w\" sizes=\"auto, (max-width: 307px) 100vw, 307px\" \/><\/a><\/p>\n<p>Si est\u00e1s opositando y te presentas a Auxiliar Administrativo o Administrativo del Estado, est\u00e1s en el sitio adecuado!<\/p>\n<p>Suscr\u00edbete a la plataforma de Opofim\u00e1tica y tendr\u00e1s acceso a:<\/p>\n<ul>\n<li>Cursos de ofim\u00e1tica para preparar tu oposici\u00f3n (Word, Excel, Access, Outlook, Inform\u00e1tica. En breve\u00a0 empezaremos el m\u00f3dulo de Windows 10 e Internet).<\/li>\n<li>Los contenidos ser\u00e1n actualizados a la convocatoria de AGE de este a\u00f1o (Office 365), pero tambi\u00e9n estar\u00e1n los v\u00eddeos de la 2019 (para los que se presenten a otros ex\u00e1menes).<\/li>\n<li>Contenido de Patreon desbloqueado (PatreonTest, V\u00eddeotests tem\u00e1ticos, Simulacros, v\u00eddeos explicativos,&#8230;).<\/li>\n<li>Plataforma de tests con bater\u00eda de preguntas actualizadas todos los meses.<\/li>\n<li>Simulacros de ex\u00e1menes mensuales.<\/li>\n<li>Resoluci\u00f3n de dudas por correo electr\u00f3nico.<\/li>\n<\/ul>\n<p>Si est\u00e1s prepar\u00e1ndote para las oposiciones de <strong>AGE (C1 y C2)<\/strong>, en Opofim\u00e1tica tenemos material de los siguientes temas:<\/p>\n<blockquote><p>1. Inform\u00e1tica b\u00e1sica<br \/>\n2. Introducci\u00f3n al sistema operativo<br \/>\n3. El explorador de Windows<br \/>\n4. Procesadores de texto: Word 365.<br \/>\n5. Hojas de c\u00e1lculo: Excel 365.<br \/>\n6. Bases de datos: Access 365.<br \/>\n7. Correo electr\u00f3nico: Outlook 365.<br \/>\n8. La Red Internet<\/p><\/blockquote>\n<p>Adem\u00e1s, todos los meses se publicar\u00e1n nuevas preguntas de tests a la Plataforma de Test y un simulacro de examen interactivo.<\/p>\n<p>El precio de la suscripci\u00f3n es 80\u20ac y tendr\u00e1s acceso a todos los contenidos publicados durante 6 meses y a la plataforma de test \/ simulacros de examen. Recuerda que al ser una plataforma de suscripci\u00f3n, el pago de la cuota se renovar\u00e1 cuando pasen esos 6 meses pero puedes cancelar la renovaci\u00f3n desde el comienzo, tan solo tienes que ir a PERFIL y pulsar en Cancelar renovaci\u00f3n.<\/p>\n<p>Si tienes cualquier duda, puedes enviarme un correo electr\u00f3nico <a href=\"https:\/\/opofimatica.com\/age\/contacto2\/\">pulsando aqu\u00ed<\/a> y te responder\u00e9 en breve.<\/p>\n\n<form id=\"pms_register-form\" class=\"pms-form\" method=\"POST\">\n\n    \n    <input type=\"hidden\" id=\"pmstkn\" name=\"pmstkn\" value=\"1db360c87f\" \/><input type=\"hidden\" name=\"_wp_http_referer\" value=\"\/age\/wp-json\/wp\/v2\/pages\/2646\" \/>\n    <ul class=\"pms-form-fields-wrapper\">\n\n        \n\n        \n        \n                <li class=\"pms-field pms-user-login-field \">\n            <label for=\"pms_user_login\">Nombre de usuario *<\/label>\n            <input id=\"pms_user_login\" name=\"user_login\" type=\"text\" value=\"\" \/>\n\n                    <\/li>\n\n                <li class=\"pms-field pms-user-email-field \">\n            <label for=\"pms_user_email\">E-mail *<\/label>\n            <input id=\"pms_user_email\" name=\"user_email\" type=\"text\" value=\"\" \/>\n\n                    <\/li>\n\n                <li class=\"pms-field pms-first-name-field \">\n            <label for=\"pms_first_name\">Primer Nombre<\/label>\n            <input id=\"pms_first_name\" name=\"first_name\" type=\"text\" value=\"\" \/>\n\n                    <\/li>\n\n                <li class=\"pms-field pms-last-name-field \">\n            <label for=\"pms_last_name\">Apellidos<\/label>\n            <input id=\"pms_last_name\" name=\"last_name\" type=\"text\" value=\"\" \/>\n\n                    <\/li>\n\n                <li class=\"pms-field pms-pass1-field \">\n            <label for=\"pms_pass1\">Contrase\u00f1a*<\/label>\n            <input id=\"pms_pass1\" name=\"pass1\" type=\"password\" \/>\n\n            \n                    <\/li>\n\n\n\n                <li class=\"pms-field pms-pass2-field \">\n            <label for=\"pms_pass2\">Repetir Contrase\u00f1a*<\/label>\n            <input id=\"pms_pass2\" name=\"pass2\" type=\"password\" \/>\n\n                    <\/li>\n\n        \n        \n        \n        <li class=\"pms-field pms-field-subscriptions \"><div class=\"pms-subscription-plan pms-subscription-plan-1912\"><label><input type=\"radio\" name=\"subscription_plans\" data-price=\"80\" data-duration=\"6\" data-fixed_membership=\"\" data-allow_renew=\"\" data-sign_up_fee=\"0\" data-trial=\"0\" data-recurring=\"1\"  value=\"1912\"  checked='checked'data-default-selected=\"true\" \/><span class=\"pms-subscription-plan-name\">Opofim\u00e1tico (6 meses)<\/span><span class=\"pms-subscription-plan-price\"><span class=\"pms-divider\"> - <\/span><span class=\"pms-subscription-plan-price-value\">80,00<\/span> <span class=\"pms-subscription-plan-currency\">&#8364;<\/span><span class=\"pms-divider\"> \/ <\/span>6 meses<\/span><span class=\"pms-subscription-plan-trial\"><\/span><span class=\"pms-subscription-plan-sign-up-fee\"><\/span><\/label><div class=\"pms-subscription-plan-description\">La suscripci\u00f3n te da derecho a acceso a todos los contenidos durante 6 meses. Es un pago \u00fanico que se abona al inicio.<\/div><\/div><div class=\"pms-subscription-plan pms-subscription-plan-1656\"><label><input type=\"radio\" name=\"subscription_plans\" data-price=\"9.99\" data-duration=\"1\" data-fixed_membership=\"\" data-allow_renew=\"\" data-sign_up_fee=\"0\" data-trial=\"0\" data-recurring=\"2\"  value=\"1656\" data-default-checked=\"false\" \/><span class=\"pms-subscription-plan-name\">Opofim\u00e1tico 2024<\/span><span class=\"pms-subscription-plan-price\"><span class=\"pms-divider\"> - <\/span><span class=\"pms-subscription-plan-price-value\">9,99<\/span> <span class=\"pms-subscription-plan-currency\">&#8364;<\/span><span class=\"pms-divider\"> \/ <\/span>1 mes<\/span><span class=\"pms-subscription-plan-trial\"><\/span><span class=\"pms-subscription-plan-sign-up-fee\"><\/span><\/label><div class=\"pms-subscription-plan-description\">Acceso al contenido de Opofim\u00e1tica: Cursos, tests y simulacros.<\/div><\/div><div class=\"pms-subscription-plan pms-subscription-plan-1869\"><label><input type=\"radio\" name=\"subscription_plans\" data-price=\"9.99\" data-duration=\"1\" data-fixed_membership=\"\" data-allow_renew=\"\" data-sign_up_fee=\"0\" data-trial=\"0\" data-recurring=\"2\"  value=\"1869\" data-default-checked=\"false\" \/><span class=\"pms-subscription-plan-name\">Opofim\u00e1tico cfoposiciones<\/span><span class=\"pms-subscription-plan-price\"><span class=\"pms-divider\"> - <\/span><span class=\"pms-subscription-plan-price-value\">9,99<\/span> <span class=\"pms-subscription-plan-currency\">&#8364;<\/span><span class=\"pms-divider\"> \/ <\/span>1 mes<\/span><span class=\"pms-subscription-plan-trial\"><\/span><span class=\"pms-subscription-plan-sign-up-fee\"><\/span><\/label><div class=\"pms-subscription-plan-description\">Acceso al contenido de Opofim\u00e1tica: Cursos, tests y simulacros.<\/div><\/div><div class=\"pms-subscription-plan pms-subscription-plan-103\"><label><input type=\"radio\" name=\"subscription_plans\" data-price=\"8.4579\" data-duration=\"1\" data-fixed_membership=\"\" data-allow_renew=\"\" data-sign_up_fee=\"0\" data-trial=\"0\" data-recurring=\"2\"  value=\"103\" data-default-checked=\"false\" \/><span class=\"pms-subscription-plan-name\">Opofim\u00e1tico VIP<\/span><span class=\"pms-subscription-plan-price\"><span class=\"pms-divider\"> - <\/span><span class=\"pms-subscription-plan-price-value\">8,46<\/span> <span class=\"pms-subscription-plan-currency\">&#8364;<\/span><span class=\"pms-divider\"> \/ <\/span>1 mes<\/span><span class=\"pms-subscription-plan-trial\"><\/span><span class=\"pms-subscription-plan-sign-up-fee\"><\/span><\/label><div class=\"pms-subscription-plan-description\">Acceso al contenido de Opofim\u00e1tica: Cursos, tests y simulacros.<\/div><\/div><div class=\"pms-subscription-plan-auto-renew\"><label><input name=\"pms_recurring\" type=\"checkbox\" value=\"1\"  \/>Renovar autom\u00e1ticamente la subscripci\u00f3n<\/label><\/div><input type=\"hidden\" name=\"pms_default_recurring\" value=\"2\" \/><div id=\"pms-paygates-wrapper\"><h3>Selecciona un m\u00e9todo de pago<\/h3><div id=\"pms-paygates-inner\"><label><input type=\"radio\" class=\"pms_pay_gate\" name=\"pay_gate\" value=\"paypal_standard\" data-sign_up_fee=\"1\" data-trial=\"1\" data-recurring=\"1\"  \/><span class=\"pms-paygate-name\">PayPal<\/span><\/label><label><input type=\"radio\" class=\"pms_pay_gate\" name=\"pay_gate\" value=\"stripe_connect\"  checked='checked'data-sign_up_fee=\"1\" data-trial=\"1\" data-recurring=\"1\"  data-type=\"credit_card\" \/><span class=\"pms-paygate-name\">Credit \/ Debit Card<\/span><\/label><\/div><div id=\"pms-gateways-not-available\"><span>No payment methods are available for the selected subscription plan.<\/span><\/div><\/div><input type=\"hidden\" id=\"stripe-pk\" value=\"pk_live_51NcEQwBlYmIUNaPenxscsN5VcYursuekQF0undKesNb0mlmu12zWcIfgpt30dlaB2CWG8aru0eaeySmtl2NVAQj300MsmNAtNG\" \/><input type=\"hidden\" name=\"pms_stripe_connect_payment_intent\" value=\"pi_3TR8ZGBlYmIUNaPe2hlNlNU8_secret_RSjxbpUEWeHNK4UAAdJLm2gOb\"\/><input type=\"hidden\" name=\"pms_stripe_connect_setup_intent\" value=\"seti_1TR8ZGBlYmIUNaPeguuMvMLZ_secret_UPyWbCTcphvvg9mCi47KeGlyGqwa620\"\/><input type=\"hidden\" id=\"pms-stripe-ajax-payment-intent-nonce\" name=\"stripe_ajax_payment_intent_nonce\" value=\"37317b0730\"\/><input type=\"hidden\" id=\"pms-stripe-ajax-update-payment-intent-nonce\" name=\"stripe_ajax_update_payment_intent_nonce\" value=\"1e371913af\"\/><div id=\"pms-subscription-plans-discount\"><label for=\"pms_subscription_plans_discount\">C\u00f3digo de descuento:<\/label><input id=\"pms_subscription_plans_discount_code\" name=\"discount_code\" placeholder=\"Enter discount\" type=\"text\" value=\"\" \/><input id=\"pms-apply-discount\" class=\"pms-submit button\" type=\"submit\" value=\"Aplicar\"><\/span><\/div><div id=\"pms-subscription-plans-discount-messages-wrapper\"><div id=\"pms-subscription-plans-discount-messages\" ><\/div><div id=\"pms-subscription-plans-discount-messages-loading\">Applying discount code. Please wait...<\/div><\/div><\/li>\n    <\/ul>\n\n    <span id=\"pms-submit-button-loading-placeholder-text\" style=\"display: none;\">Procesando. Por favor espera...<\/span><ul id=\"pms-credit-card-information\" class=\"pms-field-section pms-credit-card-information pms-section-credit-card-information\"><li class=\"pms-field pms-field-type-heading \"><h4>Detalles de pago<\/h4><\/li><div id=\"pms-stripe-payment-elements\"><\/div><\/ul>\n    <input class=\"pms-form-submit\" name=\"pms_register\" type=\"submit\" value=\"Reg\u00edstrate\" \/>\n\n<\/form>\n\n","protected":false},"excerpt":{"rendered":"<p>Si est\u00e1s opositando y te presentas a Auxiliar Administrativo o Administrativo del Estado, est\u00e1s en el sitio adecuado! Suscr\u00edbete a la plataforma de Opofim\u00e1tica y tendr\u00e1s acceso a: Cursos de ofim\u00e1tica para preparar tu oposici\u00f3n (Word, Excel, Access, Outlook, Inform\u00e1tica. En breve\u00a0 empezaremos el m\u00f3dulo de Windows 10 e Internet). Los contenidos ser\u00e1n actualizados a [&hellip;]<\/p>\n","protected":false},"author":1,"featured_media":0,"parent":0,"menu_order":0,"comment_status":"closed","ping_status":"closed","template":"","meta":{"site-sidebar-layout":"left-sidebar","site-content-layout":"default","ast-site-content-layout":"default","site-content-style":"default","site-sidebar-style":"default","ast-global-header-display":"","ast-banner-title-visibility":"","ast-main-header-display":"","ast-hfb-above-header-display":"","ast-hfb-below-header-display":"","ast-hfb-mobile-header-display":"","site-post-title":"","ast-breadcrumbs-content":"","ast-featured-img":"","footer-sml-layout":"","theme-transparent-header-meta":"default","adv-header-id-meta":"","stick-header-meta":"","header-above-stick-meta":"","header-main-stick-meta":"","header-below-stick-meta":"","astra-migrate-meta-layouts":"set","ast-page-background-enabled":"default","ast-page-background-meta":{"desktop":{"background-color":"var(--ast-global-color-4)","background-image":"","background-repeat":"repeat","background-position":"center center","background-size":"auto","background-attachment":"scroll","background-type":"","background-media":"","overlay-type":"","overlay-color":"","overlay-opacity":"","overlay-gradient":""},"tablet":{"background-color":"","background-image":"","background-repeat":"repeat","background-position":"center center","background-size":"auto","background-attachment":"scroll","background-type":"","background-media":"","overlay-type":"","overlay-color":"","overlay-opacity":"","overlay-gradient":""},"mobile":{"background-color":"","background-image":"","background-repeat":"repeat","background-position":"center center","background-size":"auto","background-attachment":"scroll","background-type":"","background-media":"","overlay-type":"","overlay-color":"","overlay-opacity":"","overlay-gradient":""}},"ast-content-background-meta":{"desktop":{"background-color":"var(--ast-global-color-5)","background-image":"","background-repeat":"repeat","background-position":"center center","background-size":"auto","background-attachment":"scroll","background-type":"","background-media":"","overlay-type":"","overlay-color":"","overlay-opacity":"","overlay-gradient":""},"tablet":{"background-color":"var(--ast-global-color-5)","background-image":"","background-repeat":"repeat","background-position":"center center","background-size":"auto","background-attachment":"scroll","background-type":"","background-media":"","overlay-type":"","overlay-color":"","overlay-opacity":"","overlay-gradient":""},"mobile":{"background-color":"var(--ast-global-color-5)","background-image":"","background-repeat":"repeat","background-position":"center center","background-size":"auto","background-attachment":"scroll","background-type":"","background-media":"","overlay-type":"","overlay-color":"","overlay-opacity":"","overlay-gradient":""}},"footnotes":""},"class_list":["post-2646","page","type-page","status-publish","hentry"],"_links":{"self":[{"href":"https:\/\/opofimatica.com\/age\/wp-json\/wp\/v2\/pages\/2646","targetHints":{"allow":["GET"]}}],"collection":[{"href":"https:\/\/opofimatica.com\/age\/wp-json\/wp\/v2\/pages"}],"about":[{"href":"https:\/\/opofimatica.com\/age\/wp-json\/wp\/v2\/types\/page"}],"author":[{"embeddable":true,"href":"https:\/\/opofimatica.com\/age\/wp-json\/wp\/v2\/users\/1"}],"replies":[{"embeddable":true,"href":"https:\/\/opofimatica.com\/age\/wp-json\/wp\/v2\/comments?post=2646"}],"version-history":[{"count":1,"href":"https:\/\/opofimatica.com\/age\/wp-json\/wp\/v2\/pages\/2646\/revisions"}],"predecessor-version":[{"id":2647,"href":"https:\/\/opofimatica.com\/age\/wp-json\/wp\/v2\/pages\/2646\/revisions\/2647"}],"wp:attachment":[{"href":"https:\/\/opofimatica.com\/age\/wp-json\/wp\/v2\/media?parent=2646"}],"curies":[{"name":"wp","href":"https:\/\/api.w.org\/{rel}","templated":true}]}}