{"id":2779,"date":"2025-01-12T10:45:16","date_gmt":"2025-01-12T10:45:16","guid":{"rendered":"https:\/\/opofimatica.com\/age\/?page_id=2779"},"modified":"2025-01-12T19:09:51","modified_gmt":"2025-01-12T19:09:51","slug":"primeros-pasos","status":"publish","type":"page","link":"https:\/\/opofimatica.com\/age\/primeros-pasos\/","title":{"rendered":"Primeros pasos en la plataforma"},"content":{"rendered":"<p>Hola opofim\u00e1tic@!!<\/p>\n<p>Te doy la bienvenida a la p\u00e1gina de Opofim\u00e1tica! Como puedes ver hay mucho contenido desbloqueado y muchas secciones pero no te preocupes porque he creado un v\u00eddeo explicativo de las distintas zonas de la web.<\/p>\n<p>Si a\u00fan no has empezado a estudiar la parte de Inform\u00e1tica de tu oposici\u00f3n no te agobies, lo primero es organizar bien el estudio. Te recomiendo empezar por los cursos de Ofim\u00e1tica y despu\u00e9s estudiar los m\u00f3dulos te\u00f3ricos. El curso de Word es el m\u00e1s sencillo por lo que lo recomendable es empezar por ah\u00ed. Una vez que vayas finalizando los cursos te recomiendo que vayas haciendo tests en la PLATAFORMA DE TESTS.<\/p>\n<p>Esto es una carrera de fondo y conviene llevarse bien con la inform\u00e1tica porque es un temario denso. Ve marc\u00e1ndote una rutina todos los d\u00edas y ver\u00e1s como en pocos d\u00edas ya te empezar\u00e1 a gustar y lo ver\u00e1s como un descanso del estudio del temario de leyes.<\/p>\n<p>Mucho \u00e1nimo y no perdamos de vista la linea de meta!!<\/p>\n<div class=\"ast-oembed-container \" style=\"height: 100%;\"><iframe loading=\"lazy\" title=\"\ud83d\udd14 Plataforma Opofimatica (Inform\u00e1tica para tu OPOSICI\u00d3N AGE C1 C2)\" width=\"500\" height=\"281\" src=\"https:\/\/www.youtube.com\/embed\/wa8DHA5Rf00?feature=oembed\" frameborder=\"0\" allow=\"accelerometer; autoplay; clipboard-write; encrypted-media; gyroscope; picture-in-picture; web-share\" referrerpolicy=\"strict-origin-when-cross-origin\" allowfullscreen><\/iframe><\/div>\n","protected":false},"excerpt":{"rendered":"<p>Hola opofim\u00e1tic@!! Te doy la bienvenida a la p\u00e1gina de Opofim\u00e1tica! Como puedes ver hay mucho contenido desbloqueado y muchas secciones pero no te preocupes porque he creado un v\u00eddeo explicativo de las distintas zonas de la web. Si a\u00fan no has empezado a estudiar la parte de Inform\u00e1tica de tu oposici\u00f3n no te agobies, [&hellip;]<\/p>\n","protected":false},"author":1,"featured_media":0,"parent":0,"menu_order":0,"comment_status":"open","ping_status":"open","template":"","meta":{"site-sidebar-layout":"left-sidebar","site-content-layout":"default","ast-site-content-layout":"default","site-content-style":"default","site-sidebar-style":"default","ast-global-header-display":"","ast-banner-title-visibility":"","ast-main-header-display":"","ast-hfb-above-header-display":"","ast-hfb-below-header-display":"","ast-hfb-mobile-header-display":"","site-post-title":"","ast-breadcrumbs-content":"","ast-featured-img":"","footer-sml-layout":"","theme-transparent-header-meta":"default","adv-header-id-meta":"","stick-header-meta":"","header-above-stick-meta":"","header-main-stick-meta":"","header-below-stick-meta":"","astra-migrate-meta-layouts":"set","ast-page-background-enabled":"default","ast-page-background-meta":{"desktop":{"background-color":"var(--ast-global-color-4)","background-image":"","background-repeat":"repeat","background-position":"center center","background-size":"auto","background-attachment":"scroll","background-type":"","background-media":"","overlay-type":"","overlay-color":"","overlay-opacity":"","overlay-gradient":""},"tablet":{"background-color":"","background-image":"","background-repeat":"repeat","background-position":"center center","background-size":"auto","background-attachment":"scroll","background-type":"","background-media":"","overlay-type":"","overlay-color":"","overlay-opacity":"","overlay-gradient":""},"mobile":{"background-color":"","background-image":"","background-repeat":"repeat","background-position":"center center","background-size":"auto","background-attachment":"scroll","background-type":"","background-media":"","overlay-type":"","overlay-color":"","overlay-opacity":"","overlay-gradient":""}},"ast-content-background-meta":{"desktop":{"background-color":"var(--ast-global-color-5)","background-image":"","background-repeat":"repeat","background-position":"center center","background-size":"auto","background-attachment":"scroll","background-type":"","background-media":"","overlay-type":"","overlay-color":"","overlay-opacity":"","overlay-gradient":""},"tablet":{"background-color":"var(--ast-global-color-5)","background-image":"","background-repeat":"repeat","background-position":"center center","background-size":"auto","background-attachment":"scroll","background-type":"","background-media":"","overlay-type":"","overlay-color":"","overlay-opacity":"","overlay-gradient":""},"mobile":{"background-color":"var(--ast-global-color-5)","background-image":"","background-repeat":"repeat","background-position":"center center","background-size":"auto","background-attachment":"scroll","background-type":"","background-media":"","overlay-type":"","overlay-color":"","overlay-opacity":"","overlay-gradient":""}},"footnotes":""},"class_list":["post-2779","page","type-page","status-publish","hentry"],"_links":{"self":[{"href":"https:\/\/opofimatica.com\/age\/wp-json\/wp\/v2\/pages\/2779","targetHints":{"allow":["GET"]}}],"collection":[{"href":"https:\/\/opofimatica.com\/age\/wp-json\/wp\/v2\/pages"}],"about":[{"href":"https:\/\/opofimatica.com\/age\/wp-json\/wp\/v2\/types\/page"}],"author":[{"embeddable":true,"href":"https:\/\/opofimatica.com\/age\/wp-json\/wp\/v2\/users\/1"}],"replies":[{"embeddable":true,"href":"https:\/\/opofimatica.com\/age\/wp-json\/wp\/v2\/comments?post=2779"}],"version-history":[{"count":1,"href":"https:\/\/opofimatica.com\/age\/wp-json\/wp\/v2\/pages\/2779\/revisions"}],"predecessor-version":[{"id":2781,"href":"https:\/\/opofimatica.com\/age\/wp-json\/wp\/v2\/pages\/2779\/revisions\/2781"}],"wp:attachment":[{"href":"https:\/\/opofimatica.com\/age\/wp-json\/wp\/v2\/media?parent=2779"}],"curies":[{"name":"wp","href":"https:\/\/api.w.org\/{rel}","templated":true}]}}