{"id":425,"date":"2023-08-31T15:47:51","date_gmt":"2023-08-31T15:47:51","guid":{"rendered":"https:\/\/opofimatica.com\/age\/?page_id=425"},"modified":"2026-03-29T08:00:51","modified_gmt":"2026-03-29T08:00:51","slug":"home","status":"publish","type":"page","link":"https:\/\/opofimatica.com\/age\/","title":{"rendered":"Inicio"},"content":{"rendered":"<div id=\"pl-425\"  class=\"panel-layout\" ><div id=\"pg-425-0\"  class=\"panel-grid panel-no-style\" ><div id=\"pgc-425-0-0\"  class=\"panel-grid-cell\" ><div id=\"panel-425-0-0-0\" class=\"so-panel widget widget_sow-editor panel-first-child\" data-index=\"0\" ><div class=\"panel-widget-style panel-widget-style-for-425-0-0-0\" ><div\n\t\t\t\n\t\t\tclass=\"so-widget-sow-editor so-widget-sow-editor-base\"\n\t\t\t\n\t\t><h3 class=\"widget-title\">WEB NUEVA PARA LA PR\u00d3XIMA CONVOCATORIA<\/h3>\n<div class=\"siteorigin-widget-tinymce textwidget\">\n\t<p style=\"text-align: center;\">Si est\u00e1s opositando y vas a apuntarte a la <strong>nueva convocatoria<\/strong> de Auxiliar Administrativo o Administrativo del Estado puedes registrarte en la nueva web que hemos creado. Para suscribirte tan solo tienes que visitar el siguiente enlace o pulsar en el banner:<\/p>\n<h4 style=\"text-align: center;\"><a href=\"https:\/\/www.opofimaticaestado.com\/register\">https:\/\/www.opofimaticaestado.com<\/a><\/h4>\n<\/div>\n<\/div><\/div><\/div><div id=\"panel-425-0-0-1\" class=\"so-panel widget widget_sow-editor\" data-index=\"1\" ><div\n\t\t\t\n\t\t\tclass=\"so-widget-sow-editor so-widget-sow-editor-base\"\n\t\t\t\n\t\t>\n<div class=\"siteorigin-widget-tinymce textwidget\">\n\t<p><a href=\"http:\/\/www.opofimaticaestado.com\/register\"><img loading=\"lazy\" decoding=\"async\" class=\"alignnone wp-image-3001 size-full\" src=\"https:\/\/opofimatica.com\/age\/wp-content\/uploads\/2025\/07\/banner95.jpg?_t=1753272226\" alt=\"\" width=\"2048\" height=\"1024\" srcset=\"https:\/\/opofimatica.com\/age\/wp-content\/uploads\/2025\/07\/banner95.jpg 2048w, https:\/\/opofimatica.com\/age\/wp-content\/uploads\/2025\/07\/banner95-300x150.jpg 300w, https:\/\/opofimatica.com\/age\/wp-content\/uploads\/2025\/07\/banner95-1024x512.jpg 1024w, https:\/\/opofimatica.com\/age\/wp-content\/uploads\/2025\/07\/banner95-768x384.jpg 768w, https:\/\/opofimatica.com\/age\/wp-content\/uploads\/2025\/07\/banner95-1536x768.jpg 1536w\" sizes=\"auto, (max-width: 2048px) 100vw, 2048px\" \/><\/a><\/p>\n<\/div>\n<\/div><\/div><div id=\"panel-425-0-0-2\" class=\"so-panel widget widget_sow-editor\" data-index=\"2\" ><div\n\t\t\t\n\t\t\tclass=\"so-widget-sow-editor so-widget-sow-editor-base\"\n\t\t\t\n\t\t>\n<div class=\"siteorigin-widget-tinymce textwidget\">\n\t<p style=\"text-align: center;\">\n\n\n\t\t<div class=\"quotes_box_and_tips\">\n\t\t<div  class=\"single_quotes_box visible \">\n\t\t\t\t<div class=\"testimonials_box\" id=\"testimonials_477\">\n\t\t\t\t\t<h3><\/h3>\n\t\t\t\t\t<p>\n\t\t\t\t\t\t<i>\"Las dificultades en el estudio son oportunidades para mejorar y fortalecerte.\"<\/i>\n\t\t\t\t\t<\/p>\n\t\t\t\t\t<p class=\"signature\"><\/p>\n\t\t\t\t<\/div>\n\t\t\t<\/div><div class=\"clear\"><\/div><\/div><br \/>\n<img loading=\"lazy\" decoding=\"async\" class=\"aligncenter wp-image-466 size-full\" src=\"https:\/\/opofimatica.com\/age\/wp-content\/uploads\/2023\/08\/divisor2.jpg\" alt=\"\" width=\"300\" height=\"38\" \/><\/p>\n<\/div>\n<\/div><\/div><div id=\"panel-425-0-0-3\" class=\"so-panel widget widget_sow-editor\" data-index=\"3\" ><div\n\t\t\t\n\t\t\tclass=\"so-widget-sow-editor so-widget-sow-editor-base\"\n\t\t\t\n\t\t>\n<div class=\"siteorigin-widget-tinymce textwidget\">\n\t<p><a href=\"https:\/\/www.opofimatica.com\/age\/curso-windows11\"><img loading=\"lazy\" decoding=\"async\" class=\"alignnone wp-image-3176 size-full\" src=\"https:\/\/opofimatica.com\/age\/wp-content\/uploads\/2025\/12\/CURSO-WINDOWS11.jpg?_t=1773772315\" alt=\"\" width=\"1332\" height=\"578\" srcset=\"https:\/\/opofimatica.com\/age\/wp-content\/uploads\/2025\/12\/CURSO-WINDOWS11.jpg 1332w, https:\/\/opofimatica.com\/age\/wp-content\/uploads\/2025\/12\/CURSO-WINDOWS11-300x130.jpg 300w, https:\/\/opofimatica.com\/age\/wp-content\/uploads\/2025\/12\/CURSO-WINDOWS11-1024x444.jpg 1024w, https:\/\/opofimatica.com\/age\/wp-content\/uploads\/2025\/12\/CURSO-WINDOWS11-768x333.jpg 768w\" sizes=\"auto, (max-width: 1332px) 100vw, 1332px\" \/><\/a><\/p>\n<\/div>\n<\/div><\/div><div id=\"panel-425-0-0-4\" class=\"so-panel widget widget_sow-editor panel-last-child\" data-index=\"4\" ><div\n\t\t\t\n\t\t\tclass=\"so-widget-sow-editor so-widget-sow-editor-base\"\n\t\t\t\n\t\t>\n<div class=\"siteorigin-widget-tinymce textwidget\">\n\t<div class=\"bloqueado\">\r\n\r\n<a href=\"https:\/\/opofimatica.com\/age\/wp-content\/uploads\/2023\/09\/bloqueado.jpg\"><img loading=\"lazy\" decoding=\"async\" class=\"size-full wp-image-674 aligncenter\" src=\"https:\/\/opofimatica.com\/age\/wp-content\/uploads\/2023\/09\/bloqueado.jpg\" alt=\"\" width=\"300\" height=\"200\" srcset=\"https:\/\/opofimatica.com\/age\/wp-content\/uploads\/2023\/09\/bloqueado.jpg 300w, https:\/\/opofimatica.com\/age\/wp-content\/uploads\/2023\/09\/bloqueado-272x182.jpg 272w\" sizes=\"auto, (max-width: 300px) 100vw, 300px\" \/><\/a>Ups! Est\u00e1s intentando acceder a un contenido bloqueado. Necesitas suscribirte a la plataforma de Opofim\u00e1tica para ver este material pero actualmente los registros est\u00e1n cerrados porque ya hemos alcanzado el n\u00famero m\u00e1ximo de alumnos permitidos.\r\n\r\n<a href=\"https:\/\/opofimatica.com\/age\/account\/\">Si ya tienes cuenta, puedes iniciar sesi\u00f3n haciendo clic aqu\u00ed.<\/a>\r\n\r\n&nbsp;\r\n\r\n<\/div>\n<\/div>\n<\/div><\/div><\/div><\/div><div id=\"pg-425-1\"  class=\"panel-grid panel-no-style\" ><div id=\"pgc-425-1-0\"  class=\"panel-grid-cell\" ><div id=\"panel-425-1-0-0\" class=\"so-panel widget widget_media_image panel-first-child panel-last-child\" data-index=\"5\" ><a href=\"https:\/\/opofimatica.com\/age\/curso-word\/\"><img loading=\"lazy\" decoding=\"async\" width=\"300\" height=\"180\" src=\"https:\/\/opofimatica.com\/age\/wp-content\/uploads\/2024\/08\/inicio-word-300x180.jpg\" class=\"image wp-image-2181  attachment-medium size-medium\" alt=\"\" style=\"max-width: 100%; height: auto;\" srcset=\"https:\/\/opofimatica.com\/age\/wp-content\/uploads\/2024\/08\/inicio-word-300x180.jpg 300w, https:\/\/opofimatica.com\/age\/wp-content\/uploads\/2024\/08\/inicio-word.jpg 650w\" sizes=\"auto, (max-width: 300px) 100vw, 300px\" \/><\/a><\/div><\/div><div id=\"pgc-425-1-1\"  class=\"panel-grid-cell\" ><div id=\"panel-425-1-1-0\" class=\"so-panel widget widget_media_image panel-first-child panel-last-child\" data-index=\"6\" ><a href=\"https:\/\/opofimatica.com\/age\/curso-excel\/\"><img loading=\"lazy\" decoding=\"async\" width=\"300\" height=\"180\" src=\"https:\/\/opofimatica.com\/age\/wp-content\/uploads\/2024\/08\/inicio-excel-300x180.jpg\" class=\"image wp-image-2182  attachment-medium size-medium\" alt=\"\" style=\"max-width: 100%; height: auto;\" srcset=\"https:\/\/opofimatica.com\/age\/wp-content\/uploads\/2024\/08\/inicio-excel-300x180.jpg 300w, https:\/\/opofimatica.com\/age\/wp-content\/uploads\/2024\/08\/inicio-excel.jpg 650w\" sizes=\"auto, (max-width: 300px) 100vw, 300px\" \/><\/a><\/div><\/div><div id=\"pgc-425-1-2\"  class=\"panel-grid-cell\" ><div id=\"panel-425-1-2-0\" class=\"so-panel widget widget_media_image panel-first-child panel-last-child\" data-index=\"7\" ><a href=\"https:\/\/opofimatica.com\/age\/curso-de-access\/\"><img loading=\"lazy\" decoding=\"async\" width=\"300\" height=\"180\" src=\"https:\/\/opofimatica.com\/age\/wp-content\/uploads\/2024\/08\/inicio-access-300x180.jpg\" class=\"image wp-image-2183  attachment-medium size-medium\" alt=\"\" style=\"max-width: 100%; height: auto;\" srcset=\"https:\/\/opofimatica.com\/age\/wp-content\/uploads\/2024\/08\/inicio-access-300x180.jpg 300w, https:\/\/opofimatica.com\/age\/wp-content\/uploads\/2024\/08\/inicio-access.jpg 650w\" sizes=\"auto, (max-width: 300px) 100vw, 300px\" \/><\/a><\/div><\/div><div id=\"pgc-425-1-3\"  class=\"panel-grid-cell\" ><div id=\"panel-425-1-3-0\" class=\"so-panel widget widget_media_image panel-first-child panel-last-child\" data-index=\"8\" ><a href=\"https:\/\/opofimatica.com\/age\/curso-de-outlook\/\"><img loading=\"lazy\" decoding=\"async\" width=\"300\" height=\"180\" src=\"https:\/\/opofimatica.com\/age\/wp-content\/uploads\/2024\/08\/inicio-outlook-300x180.jpg\" class=\"image wp-image-2184  attachment-medium size-medium\" alt=\"\" style=\"max-width: 100%; height: auto;\" srcset=\"https:\/\/opofimatica.com\/age\/wp-content\/uploads\/2024\/08\/inicio-outlook-300x180.jpg 300w, https:\/\/opofimatica.com\/age\/wp-content\/uploads\/2024\/08\/inicio-outlook.jpg 650w\" sizes=\"auto, (max-width: 300px) 100vw, 300px\" \/><\/a><\/div><\/div><\/div><div id=\"pg-425-2\"  class=\"panel-grid panel-no-style\" ><div id=\"pgc-425-2-0\"  class=\"panel-grid-cell\" ><div id=\"panel-425-2-0-0\" class=\"so-panel widget widget_sow-button panel-first-child panel-last-child\" data-index=\"9\" ><div class=\"panel-widget-style panel-widget-style-for-425-2-0-0\" ><div\n\t\t\t\n\t\t\tclass=\"so-widget-sow-button so-widget-sow-button-flat-eaa51a902caf-425\"\n\t\t\t\n\t\t><div class=\"ow-button-base ow-button-align-center\">\n\t<a\n\thref=\"https:\/\/opofimatica.com\/age\/simulacro-marzo-2026\/\"\n\t\tclass=\"ow-icon-placement-left ow-button-hover\" \t>\n\t\t<span>\n\t\t\t<span class=\"sow-icon-fontawesome sow-far\" data-sow-icon=\"&#xf274;\"\n\t\t \n\t\taria-hidden=\"true\"><\/span>\n\t\t\tSIMULACRO MARZO 2026\t\t<\/span>\n\t<\/a>\n<\/div>\n<\/div><\/div><\/div><\/div><div id=\"pgc-425-2-1\"  class=\"panel-grid-cell\" ><div id=\"panel-425-2-1-0\" class=\"so-panel widget widget_sow-button panel-first-child panel-last-child\" data-index=\"10\" ><div class=\"panel-widget-style panel-widget-style-for-425-2-1-0\" ><div\n\t\t\t\n\t\t\tclass=\"so-widget-sow-button so-widget-sow-button-flat-eaa51a902caf-425\"\n\t\t\t\n\t\t><div class=\"ow-button-base ow-button-align-center\">\n\t<a\n\thref=\"https:\/\/opofimatica.com\/age\/examen-c1-age-2024\/\"\n\t\tclass=\"ow-icon-placement-left ow-button-hover\" \t>\n\t\t<span>\n\t\t\t<span class=\"sow-icon-fontawesome sow-far\" data-sow-icon=\"&#xf274;\"\n\t\t \n\t\taria-hidden=\"true\"><\/span>\n\t\t\tEXAMEN C1 AGE 2024\t\t<\/span>\n\t<\/a>\n<\/div>\n<\/div><\/div><\/div><\/div><div id=\"pgc-425-2-2\"  class=\"panel-grid-cell\" ><div id=\"panel-425-2-2-0\" class=\"so-panel widget widget_sow-button panel-first-child panel-last-child\" data-index=\"11\" ><div class=\"panel-widget-style panel-widget-style-for-425-2-2-0\" ><div\n\t\t\t\n\t\t\tclass=\"so-widget-sow-button so-widget-sow-button-flat-eaa51a902caf-425\"\n\t\t\t\n\t\t><div class=\"ow-button-base ow-button-align-center\">\n\t<a\n\thref=\"https:\/\/opofimatica.com\/age\/examen-c2-age-2024\/\"\n\t\tclass=\"ow-icon-placement-left ow-button-hover\" \t>\n\t\t<span>\n\t\t\t<span class=\"sow-icon-fontawesome sow-far\" data-sow-icon=\"&#xf274;\"\n\t\t \n\t\taria-hidden=\"true\"><\/span>\n\t\t\tEXAMEN C2 AGE 2024\t\t<\/span>\n\t<\/a>\n<\/div>\n<\/div><\/div><\/div><\/div><\/div><div id=\"pg-425-3\"  class=\"panel-grid panel-no-style\" ><div id=\"pgc-425-3-0\"  class=\"panel-grid-cell\" ><div id=\"panel-425-3-0-0\" class=\"so-panel widget widget_sow-image panel-first-child panel-last-child\" data-index=\"12\" ><div\n\t\t\t\n\t\t\tclass=\"so-widget-sow-image so-widget-sow-image-default-a258e6bfa2d8-425\"\n\t\t\t\n\t\t>\n\n<div class=\"sow-image-container\">\n\t\t\t<a href=\"https:\/\/opofimatica.com\/age\/novedades-de-office-365\/\"\n\t\t\t\t\t>\n\t\t\t<img decoding=\"async\" src=\"https:\/\/opofimatica.com\/age\/wp-content\/uploads\/2024\/08\/office365-1.jpg\" width=\"1600\" height=\"1000\" srcset=\"https:\/\/opofimatica.com\/age\/wp-content\/uploads\/2024\/08\/office365-1.jpg 1600w, https:\/\/opofimatica.com\/age\/wp-content\/uploads\/2024\/08\/office365-1-300x188.jpg 300w, https:\/\/opofimatica.com\/age\/wp-content\/uploads\/2024\/08\/office365-1-1024x640.jpg 1024w, https:\/\/opofimatica.com\/age\/wp-content\/uploads\/2024\/08\/office365-1-768x480.jpg 768w, https:\/\/opofimatica.com\/age\/wp-content\/uploads\/2024\/08\/office365-1-1536x960.jpg 1536w\" sizes=\"auto, (max-width: 1600px) 100vw, 1600px\" title=\"office365\" alt=\"\" loading=\"lazy\" \t\tclass=\"so-widget-image\"\/>\n\t<\/a><\/div>\n\n<\/div><\/div><\/div><div id=\"pgc-425-3-1\"  class=\"panel-grid-cell\" ><div id=\"panel-425-3-1-0\" class=\"so-panel widget widget_sow-image panel-first-child panel-last-child\" data-index=\"13\" ><div\n\t\t\t\n\t\t\tclass=\"so-widget-sow-image so-widget-sow-image-default-a258e6bfa2d8-425\"\n\t\t\t\n\t\t>\n\n<div class=\"sow-image-container\">\n\t\t\t<a href=\"https:\/\/opofimatica.com\/age\/primeros-pasos\/\"\n\t\t\t\t\t>\n\t\t\t<img decoding=\"async\" src=\"https:\/\/opofimatica.com\/age\/wp-content\/uploads\/2025\/01\/primeros-pasos3.jpg\" width=\"1600\" height=\"1000\" srcset=\"https:\/\/opofimatica.com\/age\/wp-content\/uploads\/2025\/01\/primeros-pasos3.jpg 1600w, https:\/\/opofimatica.com\/age\/wp-content\/uploads\/2025\/01\/primeros-pasos3-300x188.jpg 300w, https:\/\/opofimatica.com\/age\/wp-content\/uploads\/2025\/01\/primeros-pasos3-1024x640.jpg 1024w, https:\/\/opofimatica.com\/age\/wp-content\/uploads\/2025\/01\/primeros-pasos3-768x480.jpg 768w, https:\/\/opofimatica.com\/age\/wp-content\/uploads\/2025\/01\/primeros-pasos3-1536x960.jpg 1536w\" sizes=\"auto, (max-width: 1600px) 100vw, 1600px\" alt=\"\" loading=\"lazy\" \t\tclass=\"so-widget-image\"\/>\n\t<\/a><\/div>\n\n<\/div><\/div><\/div><\/div><div id=\"pg-425-4\"  class=\"panel-grid panel-no-style\" ><div id=\"pgc-425-4-0\"  class=\"panel-grid-cell\" ><div id=\"panel-425-4-0-0\" class=\"so-panel widget widget_sow-editor panel-first-child panel-last-child\" data-index=\"14\" ><div class=\"fondo-azul panel-widget-style panel-widget-style-for-425-4-0-0\" ><div\n\t\t\t\n\t\t\tclass=\"so-widget-sow-editor so-widget-sow-editor-base\"\n\t\t\t\n\t\t><h3 class=\"widget-title\">\u203c IMPORTANTE: CAMBIO A OFFICE 365<\/h3>\n<div class=\"siteorigin-widget-tinymce textwidget\">\n\t<p>En las bases de la convocatoria actual mantienen la versi\u00f3n de WINDOWS 10 pero cambian la versi\u00f3n de OFFICE a la 365.<\/p>\n<p>No os preocup\u00e9is porque <strong>subiremos actualizaciones de los cursos para adaptarlos a la nueva versi\u00f3n<\/strong>. Podemos seguir estudiando los v\u00eddeos de los cursos ya que el 95% es id\u00e9ntico pero en breve subiremos los anexos de los cursos donde analizaremos las nuevas herramientas de la versi\u00f3n 365 con ejemplos en v\u00eddeo para que os queden muy claros los conceptos. Adem\u00e1s, tambi\u00e9n compartiremos la cinta de opciones nueva de todos los programas.<\/p>\n<p>El contenido de Office 2019 tambi\u00e9n se mantiene para los opositores que tengan que estudiar esa versi\u00f3n.<\/p>\n<p>Los tests espec\u00edficos de herramientas que \u00fanicamente est\u00e9n en Office 365 tendr\u00e1n un hashtag #office365 para identificarlos correctamente.<\/p>\n<\/div>\n<\/div><\/div><\/div><\/div><\/div><div id=\"pg-425-5\"  class=\"panel-grid panel-no-style\" ><div id=\"pgc-425-5-0\"  class=\"panel-grid-cell\" ><div id=\"panel-425-5-0-0\" class=\"so-panel widget widget_sow-image panel-first-child panel-last-child\" data-index=\"15\" ><div\n\t\t\t\n\t\t\tclass=\"so-widget-sow-image so-widget-sow-image-default-8b5b6f678277-425\"\n\t\t\t\n\t\t>\n\n<div class=\"sow-image-container\">\n\t\t\t<a href=\"https:\/\/opofimatica.com\/age\/plataforma-de-test\/\"\n\t\t\t\t\t>\n\t\t\t<img decoding=\"async\" src=\"https:\/\/opofimatica.com\/age\/wp-content\/uploads\/2024\/08\/PLATAFORMA-TEST.jpg\" width=\"650\" height=\"390\" srcset=\"https:\/\/opofimatica.com\/age\/wp-content\/uploads\/2024\/08\/PLATAFORMA-TEST.jpg 650w, https:\/\/opofimatica.com\/age\/wp-content\/uploads\/2024\/08\/PLATAFORMA-TEST-300x180.jpg 300w\" sizes=\"auto, (max-width: 650px) 100vw, 650px\" alt=\"\" loading=\"lazy\" \t\tclass=\"so-widget-image\"\/>\n\t<\/a><\/div>\n\n<\/div><\/div><\/div><div id=\"pgc-425-5-1\"  class=\"panel-grid-cell\" ><div id=\"panel-425-5-1-0\" class=\"so-panel widget widget_sow-image panel-first-child panel-last-child\" data-index=\"16\" ><div\n\t\t\t\n\t\t\tclass=\"so-widget-sow-image so-widget-sow-image-default-8b5b6f678277-425\"\n\t\t\t\n\t\t>\n\n<div class=\"sow-image-container\">\n\t\t\t<a href=\"https:\/\/opofimatica.com\/age\/simulacro-julio-2023\/\"\n\t\t\t\t\t>\n\t\t\t<img decoding=\"async\" src=\"https:\/\/opofimatica.com\/age\/wp-content\/uploads\/2023\/08\/Boton-simulacros-1.jpg\" width=\"650\" height=\"390\" srcset=\"https:\/\/opofimatica.com\/age\/wp-content\/uploads\/2023\/08\/Boton-simulacros-1.jpg 650w, https:\/\/opofimatica.com\/age\/wp-content\/uploads\/2023\/08\/Boton-simulacros-1-300x180.jpg 300w\" sizes=\"auto, (max-width: 650px) 100vw, 650px\" title=\"Boton-simulacros\" alt=\"\" loading=\"lazy\" \t\tclass=\"so-widget-image\"\/>\n\t<\/a><\/div>\n\n<\/div><\/div><\/div><div id=\"pgc-425-5-2\"  class=\"panel-grid-cell\" ><div id=\"panel-425-5-2-0\" class=\"so-panel widget widget_sow-image panel-first-child panel-last-child\" data-index=\"17\" ><div\n\t\t\t\n\t\t\tclass=\"so-widget-sow-image so-widget-sow-image-default-8b5b6f678277-425\"\n\t\t\t\n\t\t>\n\n<div class=\"sow-image-container\">\n\t\t\t<a href=\"https:\/\/opofimatica.com\/age\/novedades-de-office-365\/\"\n\t\t\t\t\t>\n\t\t\t<img decoding=\"async\" src=\"https:\/\/opofimatica.com\/age\/wp-content\/uploads\/2024\/08\/office-365-actualizaciones-3.jpg\" width=\"650\" height=\"390\" srcset=\"https:\/\/opofimatica.com\/age\/wp-content\/uploads\/2024\/08\/office-365-actualizaciones-3.jpg 650w, https:\/\/opofimatica.com\/age\/wp-content\/uploads\/2024\/08\/office-365-actualizaciones-3-300x180.jpg 300w\" sizes=\"auto, (max-width: 650px) 100vw, 650px\" title=\"office-365-actualizaciones\" alt=\"\" loading=\"lazy\" \t\tclass=\"so-widget-image\"\/>\n\t<\/a><\/div>\n\n<\/div><\/div><\/div><\/div><div id=\"pg-425-6\"  class=\"panel-grid panel-no-style\" ><div id=\"pgc-425-6-0\"  class=\"panel-grid-cell\" ><div id=\"panel-425-6-0-0\" class=\"so-panel widget widget_sow-image panel-first-child\" data-index=\"18\" ><div class=\"trustpilot panel-widget-style panel-widget-style-for-425-6-0-0\" ><div\n\t\t\t\n\t\t\tclass=\"so-widget-sow-image so-widget-sow-image-default-113ccd71f3e6-425\"\n\t\t\t\n\t\t>\n\n<div class=\"sow-image-container\">\n\t\t\t<a href=\"https:\/\/es.trustpilot.com\/review\/opofimatica.com?utm_medium=trustbox&#038;utm_source=MicroReviewCount\"\n\t\t\ttarget=\"_blank\" rel=\"noopener noreferrer\" \t\t>\n\t\t\t<img decoding=\"async\" src=\"https:\/\/opofimatica.com\/age\/wp-content\/uploads\/2025\/10\/trustpilot-portada.jpg\" width=\"600\" height=\"199\" srcset=\"https:\/\/opofimatica.com\/age\/wp-content\/uploads\/2025\/10\/trustpilot-portada.jpg 768w, https:\/\/opofimatica.com\/age\/wp-content\/uploads\/2025\/10\/trustpilot-portada-300x100.jpg 300w\" sizes=\"auto, (max-width: 600px) 100vw, 600px\" alt=\"\" loading=\"lazy\" \t\tclass=\"so-widget-image\"\/>\n\t<\/a><\/div>\n\n<\/div><\/div><\/div><div id=\"panel-425-6-0-1\" class=\"so-panel widget widget_sow-image panel-last-child\" data-index=\"19\" ><div class=\"trustpilot panel-widget-style panel-widget-style-for-425-6-0-1\" ><div\n\t\t\t\n\t\t\tclass=\"so-widget-sow-image so-widget-sow-image-default-113ccd71f3e6-425\"\n\t\t\t\n\t\t>\n\n<div class=\"sow-image-container\">\n\t\t\t<a href=\"https:\/\/es.trustpilot.com\/review\/opofimatica.com?utm_medium=trustbox&#038;utm_source=MicroReviewCount\"\n\t\t\ttarget=\"_blank\" rel=\"noopener noreferrer\" \t\t>\n\t\t\t<img decoding=\"async\" src=\"https:\/\/opofimatica.com\/age\/wp-content\/uploads\/2025\/10\/trustpilot-graficas.png\" width=\"516\" height=\"322\" srcset=\"https:\/\/opofimatica.com\/age\/wp-content\/uploads\/2025\/10\/trustpilot-graficas.png 516w, https:\/\/opofimatica.com\/age\/wp-content\/uploads\/2025\/10\/trustpilot-graficas-300x187.png 300w\" sizes=\"auto, (max-width: 516px) 100vw, 516px\" alt=\"\" loading=\"lazy\" \t\tclass=\"so-widget-image\"\/>\n\t<\/a><\/div>\n\n<\/div><\/div><\/div><\/div><\/div><\/div>","protected":false},"excerpt":{"rendered":"<p>Si est\u00e1s opositando y vas a apuntarte a la nueva convocatoria de Auxiliar Administrativo o Administrativo del Estado puedes registrarte en la nueva web que hemos creado. Para suscribirte tan solo tienes que visitar el siguiente enlace o pulsar en el banner: https:\/\/www.opofimaticaestado.com<\/p>\n","protected":false},"author":1,"featured_media":0,"parent":0,"menu_order":0,"comment_status":"closed","ping_status":"closed","template":"","meta":{"site-sidebar-layout":"default","site-content-layout":"default","ast-site-content-layout":"default","site-content-style":"default","site-sidebar-style":"default","ast-global-header-display":"","ast-banner-title-visibility":"","ast-main-header-display":"","ast-hfb-above-header-display":"","ast-hfb-below-header-display":"","ast-hfb-mobile-header-display":"","site-post-title":"disabled","ast-breadcrumbs-content":"","ast-featured-img":"","footer-sml-layout":"","theme-transparent-header-meta":"default","adv-header-id-meta":"","stick-header-meta":"","header-above-stick-meta":"","header-main-stick-meta":"","header-below-stick-meta":"","astra-migrate-meta-layouts":"set","ast-page-background-enabled":"default","ast-page-background-meta":{"desktop":{"background-color":"var(--ast-global-color-4)","background-image":"","background-repeat":"repeat","background-position":"center center","background-size":"auto","background-attachment":"scroll","background-type":"","background-media":"","overlay-type":"","overlay-color":"","overlay-opacity":"","overlay-gradient":""},"tablet":{"background-color":"","background-image":"","background-repeat":"repeat","background-position":"center center","background-size":"auto","background-attachment":"scroll","background-type":"","background-media":"","overlay-type":"","overlay-color":"","overlay-opacity":"","overlay-gradient":""},"mobile":{"background-color":"","background-image":"","background-repeat":"repeat","background-position":"center center","background-size":"auto","background-attachment":"scroll","background-type":"","background-media":"","overlay-type":"","overlay-color":"","overlay-opacity":"","overlay-gradient":""}},"ast-content-background-meta":{"desktop":{"background-color":"var(--ast-global-color-5)","background-image":"","background-repeat":"repeat","background-position":"center center","background-size":"auto","background-attachment":"scroll","background-type":"","background-media":"","overlay-type":"","overlay-color":"","overlay-opacity":"","overlay-gradient":""},"tablet":{"background-color":"var(--ast-global-color-5)","background-image":"","background-repeat":"repeat","background-position":"center center","background-size":"auto","background-attachment":"scroll","background-type":"","background-media":"","overlay-type":"","overlay-color":"","overlay-opacity":"","overlay-gradient":""},"mobile":{"background-color":"var(--ast-global-color-5)","background-image":"","background-repeat":"repeat","background-position":"center center","background-size":"auto","background-attachment":"scroll","background-type":"","background-media":"","overlay-type":"","overlay-color":"","overlay-opacity":"","overlay-gradient":""}},"footnotes":""},"class_list":["post-425","page","type-page","status-publish","hentry"],"_links":{"self":[{"href":"https:\/\/opofimatica.com\/age\/wp-json\/wp\/v2\/pages\/425","targetHints":{"allow":["GET"]}}],"collection":[{"href":"https:\/\/opofimatica.com\/age\/wp-json\/wp\/v2\/pages"}],"about":[{"href":"https:\/\/opofimatica.com\/age\/wp-json\/wp\/v2\/types\/page"}],"author":[{"embeddable":true,"href":"https:\/\/opofimatica.com\/age\/wp-json\/wp\/v2\/users\/1"}],"replies":[{"embeddable":true,"href":"https:\/\/opofimatica.com\/age\/wp-json\/wp\/v2\/comments?post=425"}],"version-history":[{"count":270,"href":"https:\/\/opofimatica.com\/age\/wp-json\/wp\/v2\/pages\/425\/revisions"}],"predecessor-version":[{"id":3282,"href":"https:\/\/opofimatica.com\/age\/wp-json\/wp\/v2\/pages\/425\/revisions\/3282"}],"wp:attachment":[{"href":"https:\/\/opofimatica.com\/age\/wp-json\/wp\/v2\/media?parent=425"}],"curies":[{"name":"wp","href":"https:\/\/api.w.org\/{rel}","templated":true}]}}