{"id":660,"date":"2023-09-03T18:26:34","date_gmt":"2023-09-03T18:26:34","guid":{"rendered":"https:\/\/opofimatica.com\/age\/?page_id=660"},"modified":"2024-08-13T19:04:15","modified_gmt":"2024-08-13T19:04:15","slug":"contacto2","status":"publish","type":"page","link":"https:\/\/opofimatica.com\/age\/contacto2\/","title":{"rendered":"Formulario de Contacto"},"content":{"rendered":"<p>Si tienes cualquier duda relacionada con la plataforma web o la suscripci\u00f3n de Opofim\u00e1tica puedes enviarme un correo electr\u00f3nico a <img loading=\"lazy\" decoding=\"async\" class=\"\" src=\"https:\/\/www.opofimatica.com\/age\/info.png\" alt=\"mail\" width=\"151\" height=\"26\" \/> y te responder\u00e9 en cuanto lo lea.<\/p>\n<p><!!-- [wpforms id=\"654\" title=\"false\"] --><\/p>\n","protected":false},"excerpt":{"rendered":"<p>Si tienes cualquier duda relacionada con la plataforma web o la suscripci\u00f3n de Opofim\u00e1tica puedes enviarme un correo electr\u00f3nico a y te responder\u00e9 en cuanto lo lea.<\/p>\n","protected":false},"author":1,"featured_media":0,"parent":0,"menu_order":0,"comment_status":"closed","ping_status":"closed","template":"","meta":{"site-sidebar-layout":"left-sidebar","site-content-layout":"default","ast-site-content-layout":"default","site-content-style":"default","site-sidebar-style":"default","ast-global-header-display":"","ast-banner-title-visibility":"","ast-main-header-display":"","ast-hfb-above-header-display":"","ast-hfb-below-header-display":"","ast-hfb-mobile-header-display":"","site-post-title":"","ast-breadcrumbs-content":"","ast-featured-img":"","footer-sml-layout":"","theme-transparent-header-meta":"default","adv-header-id-meta":"","stick-header-meta":"","header-above-stick-meta":"","header-main-stick-meta":"","header-below-stick-meta":"","astra-migrate-meta-layouts":"set","ast-page-background-enabled":"default","ast-page-background-meta":{"desktop":{"background-color":"var(--ast-global-color-4)","background-image":"","background-repeat":"repeat","background-position":"center center","background-size":"auto","background-attachment":"scroll","background-type":"","background-media":"","overlay-type":"","overlay-color":"","overlay-opacity":"","overlay-gradient":""},"tablet":{"background-color":"","background-image":"","background-repeat":"repeat","background-position":"center center","background-size":"auto","background-attachment":"scroll","background-type":"","background-media":"","overlay-type":"","overlay-color":"","overlay-opacity":"","overlay-gradient":""},"mobile":{"background-color":"","background-image":"","background-repeat":"repeat","background-position":"center center","background-size":"auto","background-attachment":"scroll","background-type":"","background-media":"","overlay-type":"","overlay-color":"","overlay-opacity":"","overlay-gradient":""}},"ast-content-background-meta":{"desktop":{"background-color":"var(--ast-global-color-5)","background-image":"","background-repeat":"repeat","background-position":"center center","background-size":"auto","background-attachment":"scroll","background-type":"","background-media":"","overlay-type":"","overlay-color":"","overlay-opacity":"","overlay-gradient":""},"tablet":{"background-color":"var(--ast-global-color-5)","background-image":"","background-repeat":"repeat","background-position":"center center","background-size":"auto","background-attachment":"scroll","background-type":"","background-media":"","overlay-type":"","overlay-color":"","overlay-opacity":"","overlay-gradient":""},"mobile":{"background-color":"var(--ast-global-color-5)","background-image":"","background-repeat":"repeat","background-position":"center center","background-size":"auto","background-attachment":"scroll","background-type":"","background-media":"","overlay-type":"","overlay-color":"","overlay-opacity":"","overlay-gradient":""}},"footnotes":""},"class_list":["post-660","page","type-page","status-publish","hentry"],"_links":{"self":[{"href":"https:\/\/opofimatica.com\/age\/wp-json\/wp\/v2\/pages\/660","targetHints":{"allow":["GET"]}}],"collection":[{"href":"https:\/\/opofimatica.com\/age\/wp-json\/wp\/v2\/pages"}],"about":[{"href":"https:\/\/opofimatica.com\/age\/wp-json\/wp\/v2\/types\/page"}],"author":[{"embeddable":true,"href":"https:\/\/opofimatica.com\/age\/wp-json\/wp\/v2\/users\/1"}],"replies":[{"embeddable":true,"href":"https:\/\/opofimatica.com\/age\/wp-json\/wp\/v2\/comments?post=660"}],"version-history":[{"count":10,"href":"https:\/\/opofimatica.com\/age\/wp-json\/wp\/v2\/pages\/660\/revisions"}],"predecessor-version":[{"id":2278,"href":"https:\/\/opofimatica.com\/age\/wp-json\/wp\/v2\/pages\/660\/revisions\/2278"}],"wp:attachment":[{"href":"https:\/\/opofimatica.com\/age\/wp-json\/wp\/v2\/media?parent=660"}],"curies":[{"name":"wp","href":"https:\/\/api.w.org\/{rel}","templated":true}]}}