{"id":696,"date":"2023-09-03T21:48:25","date_gmt":"2023-09-03T21:48:25","guid":{"rendered":"https:\/\/opofimatica.com\/age\/?page_id=696"},"modified":"2025-07-23T12:06:39","modified_gmt":"2025-07-23T12:06:39","slug":"tests-de-informatica-gratis","status":"publish","type":"page","link":"https:\/\/opofimatica.com\/age\/tests-de-informatica-gratis\/","title":{"rendered":"Tests de Inform\u00e1tica gratis"},"content":{"rendered":"<p>Hola. Os dejo por aqu\u00ed abajo los v\u00eddeotests gratuitos con preguntas de test de Inform\u00e1tica y Ofim\u00e1tica (Windows, Word, Excel, Access, Outlook\u2026) del canal de Opofim\u00e1tica. Ideal para los que\u00a0 est\u00e9is preparando la parte de inform\u00e1tica de la oposici\u00f3n.<\/p>\n<p>Recordad que en la plataforma de test completa ten\u00e9is las preguntas organizadas por temas, por categor\u00edas, pod\u00e9is hacer tests aleatorios o tambi\u00e9n ordenados. Adem\u00e1s tendr\u00e9is acceso a muchos Simulacros de examen para practicar de cara a la preparaci\u00f3n de tu oposici\u00f3n.<\/p>\n<p>Si quieres unirte a la familia de Opofim\u00e1tica puedes suscribirte por 95\u20ac (6 meses) y tendr\u00e1s acceso a los <a href=\"https:\/\/opofimaticaestado.com\/register\/\">CURSOS DE OFIM\u00c1TICA<\/a>\u00a0y a la P<a href=\"https:\/\/opofimatica.com\/age\/plataforma-de-test\/\">LATAFORMA DE TEST<\/a> donde hay ya m\u00e1s de 4000 preguntas de tests para practicar, y todo enfocado al temario de AGE (Inform\u00e1tica, Windows, Word, Excel, Access y Outlook). Adem\u00e1s, todos los meses actualizamos la plataforma con muchas preguntas de tests nuevas, con un <a href=\"https:\/\/opofimatica.com\/age\/simulacro-julio-2023\/\">simulacro de examen<\/a> y con un <a href=\"https:\/\/opofimatica.com\/age\/pasapalabra-de-informatica-1\/\">Rosco de Pasapalabra<\/a>.<\/p>\n<p><a href=\"https:\/\/opofimaticaestado.com\/register\"><img loading=\"lazy\" decoding=\"async\" class=\"alignnone wp-image-3001 size-full\" src=\"https:\/\/opofimatica.com\/age\/wp-content\/uploads\/2025\/07\/banner95.jpg?_t=1753272379\" alt=\"\" width=\"2048\" height=\"1024\" srcset=\"https:\/\/opofimatica.com\/age\/wp-content\/uploads\/2025\/07\/banner95.jpg 2048w, https:\/\/opofimatica.com\/age\/wp-content\/uploads\/2025\/07\/banner95-300x150.jpg 300w, https:\/\/opofimatica.com\/age\/wp-content\/uploads\/2025\/07\/banner95-1024x512.jpg 1024w, https:\/\/opofimatica.com\/age\/wp-content\/uploads\/2025\/07\/banner95-768x384.jpg 768w, https:\/\/opofimatica.com\/age\/wp-content\/uploads\/2025\/07\/banner95-1536x768.jpg 1536w\" sizes=\"auto, (max-width: 2048px) 100vw, 2048px\" \/><\/a><\/p>\n<p>Mucha suerte a tod@s y a practicar!!!\u00a0<img decoding=\"async\" class=\"emoji\" role=\"img\" draggable=\"false\" src=\"https:\/\/s.w.org\/images\/core\/emoji\/13.1.0\/svg\/1f609.svg\" alt=\"\ud83d\ude09\" \/><img decoding=\"async\" class=\"emoji\" role=\"img\" draggable=\"false\" src=\"https:\/\/s.w.org\/images\/core\/emoji\/13.1.0\/svg\/1f4da.svg\" alt=\"\ud83d\udcda\" \/><\/p>\n<p>&nbsp;<\/p>\n<h2>Test #1 \u2013 Especial Funciones de Excel:<\/h2>\n<p><a class=\"botonvideo\" href=\"https:\/\/youtu.be\/zsGATvyQtIw\" target=\"_blank\" rel=\"noopener\">VER VIDEO<\/a><br \/>\n<a class=\"botonexpli\" href=\"https:\/\/www.youtube.com\/watch?v=-1nsGrQlZOU\" target=\"_blank\" rel=\"noopener\">VER EXPLICACIONES PASO A PASO<\/a><\/p>\n<h2>Test #1 \u2013 Especial Access:<\/h2>\n<p><a class=\"botonvideo\" href=\"https:\/\/www.youtube.com\/watch?v=CEUezSvO9ks\" target=\"_blank\" rel=\"noopener\">VER VIDEO<\/a><br \/>\n<a class=\"botonexpli\" href=\"https:\/\/youtu.be\/7To6YcqyR_A\" target=\"_blank\" rel=\"noopener\">VER EXPLICACIONES PASO A PASO<\/a><\/p>\n<h2>Test #1:<\/h2>\n<p><a class=\"botonvideo\" href=\"https:\/\/www.youtube.com\/watch?v=o92gmWIkwus\" target=\"_blank\" rel=\"noopener\">VER VIDEO<\/a><\/p>\n<h2>Test #2:<\/h2>\n<p><a class=\"botonvideo\" href=\"https:\/\/www.youtube.com\/watch?v=S9TOZqBiolU\" target=\"_blank\" rel=\"noopener\">VER VIDEO<\/a><\/p>\n<h2>Test #3:<\/h2>\n<p><a class=\"botonvideo\" href=\"https:\/\/www.youtube.com\/watch?v=tCFS1uqriVk\" target=\"_blank\" rel=\"noopener\">VER VIDEO<\/a><\/p>\n<h2>Test #4:<\/h2>\n<p><a class=\"botonvideo\" href=\"https:\/\/www.youtube.com\/watch?v=-v4kQkS4AD4\" target=\"_blank\" rel=\"noopener\">VER VIDEO<\/a><\/p>\n<h2>Test #5:<\/h2>\n<p><a class=\"botonvideo\" href=\"https:\/\/youtu.be\/ecs4RqLJP5w\" target=\"_blank\" rel=\"noopener\">VER VIDEO<\/a><\/p>\n<h2>Test #6:<\/h2>\n<p><a class=\"botonvideo\" href=\"https:\/\/www.youtube.com\/watch?v=4cFDcbxF4dc\" target=\"_blank\" rel=\"noopener\">VER VIDEO<\/a><br \/>\n<a class=\"botonexpli\" href=\"https:\/\/www.youtube.com\/watch?v=4gdr3mb8Ycw\" target=\"_blank\" rel=\"noopener\">VER EXPLICACIONES PASO A PASO<\/a><\/p>\n<h2>Test #7:<\/h2>\n<p><a class=\"botonvideo\" href=\"https:\/\/www.youtube.com\/watch?v=GZIWYAz1bSo\" target=\"_blank\" rel=\"noopener\">VER VIDEO<\/a><br \/>\n<a class=\"botonexpli\" href=\"https:\/\/www.youtube.com\/watch?v=66f0IxjlH6Q\" target=\"_blank\" rel=\"noopener\">VER EXPLICACIONES PASO A PASO<\/a><\/p>\n<h2>Test #8:<\/h2>\n<p><a class=\"botonvideo\" href=\"https:\/\/youtu.be\/ApGeqgHHSWE\" target=\"_blank\" rel=\"noopener\">VER VIDEO<\/a><br \/>\n<a class=\"botonexpli\" href=\"https:\/\/youtu.be\/aSqOeMw1-es\" target=\"_blank\" rel=\"noopener\">VER EXPLICACIONES PASO A PASO<\/a><\/p>\n<h2>Test #9:<\/h2>\n<p><a class=\"botonvideo\" href=\"https:\/\/www.youtube.com\/watch?v=UCqBzD0o-Co\" target=\"_blank\" rel=\"noopener\">VER VIDEO<\/a><br \/>\n<a class=\"botonexpli\" href=\"https:\/\/www.youtube.com\/watch?v=JgWOLi0WW4I\" target=\"_blank\" rel=\"noopener\">VER EXPLICACIONES PASO A PASO<\/a><\/p>\n<h2>Test #10:<\/h2>\n<p><a class=\"botonvideo\" href=\"https:\/\/www.youtube.com\/watch?v=PV58H_O8Dw4\" target=\"_blank\" rel=\"noopener\">VER VIDEO<\/a><br \/>\n<a class=\"botonexpli\" href=\"https:\/\/www.youtube.com\/watch?v=FboaNPM3wOc\" target=\"_blank\" rel=\"noopener\">VER EXPLICACIONES PASO A PASO<\/a><\/p>\n<h2>Test #11:<\/h2>\n<p><a class=\"botonvideo\" href=\"https:\/\/www.youtube.com\/watch?v=a8m9EB6EWSk&amp;list=PLvAMPp4XV9Rg62g4Gd9uUKKiokYt3H1PK&amp;index=26\" target=\"_blank\" rel=\"noopener\">VER VIDEO<\/a><br \/>\n<a class=\"botonexpli\" href=\"https:\/\/www.youtube.com\/watch?v=om9YRXuBtCw&amp;list=PLvAMPp4XV9Rg62g4Gd9uUKKiokYt3H1PK&amp;index=28\" target=\"_blank\" rel=\"noopener\">VER EXPLICACIONES PASO A PASO<\/a><\/p>\n<h2>Test #12:<\/h2>\n<p><a class=\"botonvideo\" href=\"https:\/\/www.youtube.com\/watch?v=cbZ5RIJPaI8&amp;list=PLvAMPp4XV9Rg62g4Gd9uUKKiokYt3H1PK&amp;index=29\" target=\"_blank\" rel=\"noopener\">VER VIDEO<\/a><br \/>\n<a class=\"botonexpli\" href=\"https:\/\/www.youtube.com\/watch?v=O9kGGBBq1Ac&amp;list=PLvAMPp4XV9Rg62g4Gd9uUKKiokYt3H1PK&amp;index=30\" target=\"_blank\" rel=\"noopener\">VER EXPLICACIONES PASO A PASO<\/a><\/p>\n<h2>Test #13:<\/h2>\n<p><a class=\"botonvideo\" href=\"https:\/\/youtu.be\/ztjZIUgtN94\" target=\"_blank\" rel=\"noopener\">VER VIDEO<\/a><br \/>\n<a class=\"botonexpli\" href=\"https:\/\/www.youtube.com\/watch?v=0GorrGwy8l0\" target=\"_blank\" rel=\"noopener\">VER EXPLICACIONES PASO A PASO<\/a><\/p>\n<h2>Test #14:<\/h2>\n<p><a class=\"botonvideo\" href=\"https:\/\/www.youtube.com\/watch?v=nnuopYrc4js\" target=\"_blank\" rel=\"noopener\">VER VIDEO<\/a><br \/>\n<a class=\"botonexpli\" href=\"https:\/\/www.youtube.com\/watch?v=oWuEI1Q0Gnc\" target=\"_blank\" rel=\"noopener\">VER EXPLICACIONES PASO A PASO<\/a><\/p>\n","protected":false},"excerpt":{"rendered":"<p>Hola. Os dejo por aqu\u00ed abajo los v\u00eddeotests gratuitos con preguntas de test de Inform\u00e1tica y Ofim\u00e1tica (Windows, Word, Excel, Access, Outlook\u2026) del canal de Opofim\u00e1tica. Ideal para los que\u00a0 est\u00e9is preparando la parte de inform\u00e1tica de la oposici\u00f3n. Recordad que en la plataforma de test completa ten\u00e9is las preguntas organizadas por temas, por categor\u00edas, [&hellip;]<\/p>\n","protected":false},"author":1,"featured_media":0,"parent":0,"menu_order":0,"comment_status":"closed","ping_status":"closed","template":"","meta":{"site-sidebar-layout":"left-sidebar","site-content-layout":"default","ast-site-content-layout":"default","site-content-style":"default","site-sidebar-style":"default","ast-global-header-display":"","ast-banner-title-visibility":"","ast-main-header-display":"","ast-hfb-above-header-display":"","ast-hfb-below-header-display":"","ast-hfb-mobile-header-display":"","site-post-title":"","ast-breadcrumbs-content":"","ast-featured-img":"","footer-sml-layout":"","theme-transparent-header-meta":"default","adv-header-id-meta":"","stick-header-meta":"","header-above-stick-meta":"","header-main-stick-meta":"","header-below-stick-meta":"","astra-migrate-meta-layouts":"set","ast-page-background-enabled":"default","ast-page-background-meta":{"desktop":{"background-color":"var(--ast-global-color-4)","background-image":"","background-repeat":"repeat","background-position":"center center","background-size":"auto","background-attachment":"scroll","background-type":"","background-media":"","overlay-type":"","overlay-color":"","overlay-opacity":"","overlay-gradient":""},"tablet":{"background-color":"","background-image":"","background-repeat":"repeat","background-position":"center center","background-size":"auto","background-attachment":"scroll","background-type":"","background-media":"","overlay-type":"","overlay-color":"","overlay-opacity":"","overlay-gradient":""},"mobile":{"background-color":"","background-image":"","background-repeat":"repeat","background-position":"center center","background-size":"auto","background-attachment":"scroll","background-type":"","background-media":"","overlay-type":"","overlay-color":"","overlay-opacity":"","overlay-gradient":""}},"ast-content-background-meta":{"desktop":{"background-color":"var(--ast-global-color-5)","background-image":"","background-repeat":"repeat","background-position":"center center","background-size":"auto","background-attachment":"scroll","background-type":"","background-media":"","overlay-type":"","overlay-color":"","overlay-opacity":"","overlay-gradient":""},"tablet":{"background-color":"var(--ast-global-color-5)","background-image":"","background-repeat":"repeat","background-position":"center center","background-size":"auto","background-attachment":"scroll","background-type":"","background-media":"","overlay-type":"","overlay-color":"","overlay-opacity":"","overlay-gradient":""},"mobile":{"background-color":"var(--ast-global-color-5)","background-image":"","background-repeat":"repeat","background-position":"center center","background-size":"auto","background-attachment":"scroll","background-type":"","background-media":"","overlay-type":"","overlay-color":"","overlay-opacity":"","overlay-gradient":""}},"footnotes":""},"class_list":["post-696","page","type-page","status-publish","hentry"],"_links":{"self":[{"href":"https:\/\/opofimatica.com\/age\/wp-json\/wp\/v2\/pages\/696","targetHints":{"allow":["GET"]}}],"collection":[{"href":"https:\/\/opofimatica.com\/age\/wp-json\/wp\/v2\/pages"}],"about":[{"href":"https:\/\/opofimatica.com\/age\/wp-json\/wp\/v2\/types\/page"}],"author":[{"embeddable":true,"href":"https:\/\/opofimatica.com\/age\/wp-json\/wp\/v2\/users\/1"}],"replies":[{"embeddable":true,"href":"https:\/\/opofimatica.com\/age\/wp-json\/wp\/v2\/comments?post=696"}],"version-history":[{"count":10,"href":"https:\/\/opofimatica.com\/age\/wp-json\/wp\/v2\/pages\/696\/revisions"}],"predecessor-version":[{"id":3005,"href":"https:\/\/opofimatica.com\/age\/wp-json\/wp\/v2\/pages\/696\/revisions\/3005"}],"wp:attachment":[{"href":"https:\/\/opofimatica.com\/age\/wp-json\/wp\/v2\/media?parent=696"}],"curies":[{"name":"wp","href":"https:\/\/api.w.org\/{rel}","templated":true}]}}